{"id":4945,"date":"2024-03-01T20:34:39","date_gmt":"2024-03-01T20:34:39","guid":{"rendered":"https:\/\/nuevo.bodenhotel.com\/?page_id=4945"},"modified":"2024-03-01T22:08:55","modified_gmt":"2024-03-01T22:08:55","slug":"politicas-de-privacidad-2","status":"publish","type":"page","link":"https:\/\/bodenhotel.com\/en\/politicas-de-privacidad-2\/","title":{"rendered":"Privacy Policies"},"content":{"rendered":"<div data-elementor-type=\"wp-page\" data-elementor-id=\"4945\" class=\"elementor elementor-4945\" data-elementor-post-type=\"page\">\n\t\t\t\t\t\t<section class=\"elementor-section elementor-top-section elementor-element elementor-element-97d6113 elementor-section-boxed elementor-section-height-default elementor-section-height-default\" data-id=\"97d6113\" data-element_type=\"section\" data-e-type=\"section\">\n\t\t\t\t\t\t<div class=\"elementor-container elementor-column-gap-default\">\n\t\t\t\t\t<div class=\"elementor-column elementor-col-100 elementor-top-column elementor-element elementor-element-51aec49\" data-id=\"51aec49\" data-element_type=\"column\" data-e-type=\"column\">\n\t\t\t<div class=\"elementor-widget-wrap elementor-element-populated\">\n\t\t\t\t\t\t<div class=\"elementor-element elementor-element-4c6bfb7 elementor-widget elementor-widget-heading\" data-id=\"4c6bfb7\" data-element_type=\"widget\" data-e-type=\"widget\" data-widget_type=\"heading.default\">\n\t\t\t\t<div class=\"elementor-widget-container\">\n\t\t\t\t\t<h2 class=\"elementor-heading-title elementor-size-default\">Privacy Policies<\/h2>\t\t\t\t<\/div>\n\t\t\t\t<\/div>\n\t\t\t\t<div class=\"elementor-element elementor-element-95c3ed0 elementor-widget elementor-widget-spacer\" data-id=\"95c3ed0\" data-element_type=\"widget\" data-e-type=\"widget\" data-widget_type=\"spacer.default\">\n\t\t\t\t<div class=\"elementor-widget-container\">\n\t\t\t\t\t\t\t<div class=\"elementor-spacer\">\n\t\t\t<div class=\"elementor-spacer-inner\"><\/div>\n\t\t<\/div>\n\t\t\t\t\t\t<\/div>\n\t\t\t\t<\/div>\n\t\t\t\t\t<\/div>\n\t\t<\/div>\n\t\t\t\t\t<\/div>\n\t\t<\/section>\n\t\t\t\t<section class=\"elementor-section elementor-top-section elementor-element elementor-element-302bbac elementor-section-boxed elementor-section-height-default elementor-section-height-default\" data-id=\"302bbac\" data-element_type=\"section\" data-e-type=\"section\">\n\t\t\t\t\t\t<div class=\"elementor-container elementor-column-gap-default\">\n\t\t\t\t\t<div class=\"elementor-column elementor-col-100 elementor-top-column elementor-element elementor-element-78772db\" data-id=\"78772db\" data-element_type=\"column\" data-e-type=\"column\">\n\t\t\t<div class=\"elementor-widget-wrap elementor-element-populated\">\n\t\t\t\t\t\t<div class=\"elementor-element elementor-element-194e7ec elementor-widget elementor-widget-text-editor\" data-id=\"194e7ec\" data-element_type=\"widget\" data-e-type=\"widget\" data-widget_type=\"text-editor.default\">\n\t\t\t\t<div class=\"elementor-widget-container\">\n\t\t\t\t\t\t\t\t\t<p class=\"translation-block\">The hotel collects personal information about guests the moment they make a reservation or get in contact with it.<br>\nGuests may be required to insert name, address, email address, phone number or credit card data.<br><br>\n\n<strong>WHAT IS THIS INFORMATION USED FOR?<\/strong><br><br>\nAny information we get from you may be used in the following ways:<br>\n- To send newsletters<br>\n- For processing your reservation<br>\n- To send you information and updates about the hotel<br>\n- To send you quality and service surveys<br>\n- To send you news, publicity and occasional promotions<br>\n- To send you updates and information related to products or services<br>\n- To process transactions: make payments of reservations and requirements. After a transaction, your private information (credit card data, ID number, etc.) will not remain stored in our servers.<br>\nYour information, whether private or public, will not be sold, exchanged, transferred or delivered to any other company for any reason whatsoever other than the expressed purpose of delivering the required and acquired product or service.<br>\nIf at any moment you wish to stop receiving future emails, you may notify us directly via email.<br><br>\n\n<strong>MINORS<\/strong>\n<br><br>\nChildren under 15 should always be accompanied by an adult in the room. It is an essential requirement for registration that such minors must share the room with their mother, father or legal tutor. In those cases of special permits for traveling with minors, before reservation, you must contact us at reservations.mindmerida@akenhotels.com   - Phone number: +52 999 689 2814 in order to check the necessary documents to be submitted.<br><br>\n\n<strong>CONSENT<\/strong>\n<br><br>\nWhen using our website and booking engine you are accepting our website privacy policy and conditions.<\/p>\t\t\t\t\t\t\t\t<\/div>\n\t\t\t\t<\/div>\n\t\t\t\t\t<\/div>\n\t\t<\/div>\n\t\t\t\t\t<\/div>\n\t\t<\/section>\n\t\t\t\t<\/div>","protected":false},"excerpt":{"rendered":"<p>Pol\u00edticas de Privacidad El hotel recopila informaci\u00f3n personal del hu\u00e9sped, cuando realiza una reserva o se pone en contacto con el establecimiento. Es posible que se le solicite que ingrese su nombre, direcci\u00f3n de correo electr\u00f3nico, direcci\u00f3n postal, n\u00famero de tel\u00e9fono o informaci\u00f3n de la tarjeta de cr\u00e9dito. \u00bfPara qu\u00e9 se utiliza esta informaci\u00f3n? Cualquier &#8230;<\/p>","protected":false},"author":5,"featured_media":4304,"parent":0,"menu_order":0,"comment_status":"closed","ping_status":"closed","template":"","meta":{"inline_featured_image":false,"cozystay_single_page_hide_site_header":"","cozystay_single_page_site_header_source":"","cozystay_single_page_custom_site_header":"0","cozystay_single_page_custom_sticky_site_header":"0","cozystay_single_page_hide_page_title":"","cozystay_single_page_header_section_size":"","cozystay_single_page_header_background_color":"","cozystay_single_page_header_background_position_x":"center","cozystay_single_page_header_background_position_y":"center","cozystay_single_page_header_background_size":"cover","cozystay_single_page_header_background_repeat":"off","cozystay_single_page_header_background_scroll":"on","cozystay_single_page_header_text_color":"","cozystay_single_page_header_show_breadcrumb":"","cozystay_single_page_site_footer_hide_main":"","cozystay_single_custom_site_footer_main_source":"","cozystay_single_custom_site_footer_main":"0","cozystay_single_page_site_footer_hide_above":"","cozystay_single_custom_site_footer_above_source":"","cozystay_single_custom_site_footer_above":"0","cozystay_single_page_site_footer_hide_instagram":"","cozystay_single_page_site_footer_hide_bottom":"","cozystay_single_custom_mobile_menu_source":"","cozystay_single_custom_mobile_menu":"0","cozystay_single_custom_mobile_menu_animation":"","cozystay_single_custom_mobile_menu_width":"","cozystay_single_custom_mobile_menu_custom_width":375,"footnotes":""},"class_list":["post-4945","page","type-page","status-publish","has-post-thumbnail","hentry"],"yoast_head":"<!-- This site is optimized with the Yoast SEO plugin v27.5 - https:\/\/yoast.com\/product\/yoast-seo-wordpress\/ -->\n<title>Pol\u00edticas de Privacidad - B\u00f6den Hotel &amp; Spa, AKEN SOUL<\/title>\n<meta name=\"robots\" content=\"index, follow, max-snippet:-1, max-image-preview:large, max-video-preview:-1\" \/>\n<link rel=\"canonical\" href=\"https:\/\/bodenhotel.com\/en\/politicas-de-privacidad-2\/\" \/>\n<meta property=\"og:locale\" content=\"en_US\" \/>\n<meta property=\"og:type\" content=\"article\" \/>\n<meta property=\"og:title\" content=\"Pol\u00edticas de Privacidad - B\u00f6den Hotel &amp; Spa, AKEN SOUL\" \/>\n<meta property=\"og:description\" content=\"Pol\u00edticas de Privacidad El hotel recopila informaci\u00f3n personal del hu\u00e9sped, cuando realiza una reserva o se pone en contacto con el establecimiento. Es posible que se le solicite que ingrese su nombre, direcci\u00f3n de correo electr\u00f3nico, direcci\u00f3n postal, n\u00famero de tel\u00e9fono o informaci\u00f3n de la tarjeta de cr\u00e9dito. \u00bfPara qu\u00e9 se utiliza esta informaci\u00f3n? Cualquier ...\" \/>\n<meta property=\"og:url\" content=\"https:\/\/bodenhotel.com\/en\/politicas-de-privacidad-2\/\" \/>\n<meta property=\"og:site_name\" content=\"B\u00f6den Hotel &amp; Spa, AKEN SOUL\" \/>\n<meta property=\"article:modified_time\" content=\"2024-03-01T22:08:55+00:00\" \/>\n<meta property=\"og:image\" content=\"https:\/\/bodenhotel.com\/wp-content\/uploads\/2024\/02\/green-palm-leaves-on-the-background-of-the-pool-s-2023-11-27-05-33-43-utc.webp\" \/>\n\t<meta property=\"og:image:width\" content=\"2048\" \/>\n\t<meta property=\"og:image:height\" content=\"1166\" \/>\n\t<meta property=\"og:image:type\" content=\"image\/webp\" \/>\n<meta name=\"twitter:card\" content=\"summary_large_image\" \/>\n<meta name=\"twitter:label1\" content=\"Est. reading time\" \/>\n\t<meta name=\"twitter:data1\" content=\"2 minutes\" \/>\n<script type=\"application\/ld+json\" class=\"yoast-schema-graph\">{\"@context\":\"https:\\\/\\\/schema.org\",\"@graph\":[{\"@type\":\"WebPage\",\"@id\":\"https:\\\/\\\/bodenhotel.com\\\/politicas-de-privacidad-2\\\/\",\"url\":\"https:\\\/\\\/bodenhotel.com\\\/politicas-de-privacidad-2\\\/\",\"name\":\"Pol\u00edticas de Privacidad - B\u00f6den Hotel &amp; Spa, AKEN SOUL\",\"isPartOf\":{\"@id\":\"https:\\\/\\\/bodenhotel.com\\\/es\\\/#website\"},\"primaryImageOfPage\":{\"@id\":\"https:\\\/\\\/bodenhotel.com\\\/politicas-de-privacidad-2\\\/#primaryimage\"},\"image\":{\"@id\":\"https:\\\/\\\/bodenhotel.com\\\/politicas-de-privacidad-2\\\/#primaryimage\"},\"thumbnailUrl\":\"https:\\\/\\\/bodenhotel.com\\\/wp-content\\\/uploads\\\/2024\\\/02\\\/green-palm-leaves-on-the-background-of-the-pool-s-2023-11-27-05-33-43-utc.webp\",\"datePublished\":\"2024-03-01T20:34:39+00:00\",\"dateModified\":\"2024-03-01T22:08:55+00:00\",\"breadcrumb\":{\"@id\":\"https:\\\/\\\/bodenhotel.com\\\/politicas-de-privacidad-2\\\/#breadcrumb\"},\"inLanguage\":\"en-US\",\"potentialAction\":[{\"@type\":\"ReadAction\",\"target\":[\"https:\\\/\\\/bodenhotel.com\\\/politicas-de-privacidad-2\\\/\"]}]},{\"@type\":\"ImageObject\",\"inLanguage\":\"en-US\",\"@id\":\"https:\\\/\\\/bodenhotel.com\\\/politicas-de-privacidad-2\\\/#primaryimage\",\"url\":\"https:\\\/\\\/bodenhotel.com\\\/wp-content\\\/uploads\\\/2024\\\/02\\\/green-palm-leaves-on-the-background-of-the-pool-s-2023-11-27-05-33-43-utc.webp\",\"contentUrl\":\"https:\\\/\\\/bodenhotel.com\\\/wp-content\\\/uploads\\\/2024\\\/02\\\/green-palm-leaves-on-the-background-of-the-pool-s-2023-11-27-05-33-43-utc.webp\",\"width\":2048,\"height\":1166},{\"@type\":\"BreadcrumbList\",\"@id\":\"https:\\\/\\\/bodenhotel.com\\\/politicas-de-privacidad-2\\\/#breadcrumb\",\"itemListElement\":[{\"@type\":\"ListItem\",\"position\":1,\"name\":\"Home\",\"item\":\"https:\\\/\\\/bodenhotel.com\\\/\"},{\"@type\":\"ListItem\",\"position\":2,\"name\":\"Pol\u00edticas de Privacidad\"}]},{\"@type\":\"WebSite\",\"@id\":\"https:\\\/\\\/bodenhotel.com\\\/es\\\/#website\",\"url\":\"https:\\\/\\\/bodenhotel.com\\\/es\\\/\",\"name\":\"B\u00f6den Hotel & Spa, AKEN Soul\",\"description\":\"Un destino inigualable frente a las sierras de Villa General Belgrano.\",\"publisher\":{\"@id\":\"https:\\\/\\\/bodenhotel.com\\\/es\\\/#organization\"},\"alternateName\":\"B\u00f6den Hotel & Spa, AKEN Soul\",\"potentialAction\":[{\"@type\":\"SearchAction\",\"target\":{\"@type\":\"EntryPoint\",\"urlTemplate\":\"https:\\\/\\\/bodenhotel.com\\\/es\\\/?s={search_term_string}\"},\"query-input\":{\"@type\":\"PropertyValueSpecification\",\"valueRequired\":true,\"valueName\":\"search_term_string\"}}],\"inLanguage\":\"en-US\"},{\"@type\":\"Organization\",\"@id\":\"https:\\\/\\\/bodenhotel.com\\\/es\\\/#organization\",\"name\":\"B\u00f6den Hotel & SPA, AKEN Soul\",\"alternateName\":\"B\u00f6den Hotel & SPA, AKEN Soul\",\"url\":\"https:\\\/\\\/bodenhotel.com\\\/es\\\/\",\"logo\":{\"@type\":\"ImageObject\",\"inLanguage\":\"en-US\",\"@id\":\"https:\\\/\\\/bodenhotel.com\\\/es\\\/#\\\/schema\\\/logo\\\/image\\\/\",\"url\":\"https:\\\/\\\/bodenhotel.com\\\/wp-content\\\/uploads\\\/2023\\\/03\\\/Logo-Boden.svg\",\"contentUrl\":\"https:\\\/\\\/bodenhotel.com\\\/wp-content\\\/uploads\\\/2023\\\/03\\\/Logo-Boden.svg\",\"width\":320,\"height\":162,\"caption\":\"B\u00f6den Hotel & SPA, AKEN Soul\"},\"image\":{\"@id\":\"https:\\\/\\\/bodenhotel.com\\\/es\\\/#\\\/schema\\\/logo\\\/image\\\/\"},\"sameAs\":[\"https:\\\/\\\/www.instagram.com\\\/bodenhotelakensoul\\\/\"]}]}<\/script>\n<!-- \/ Yoast SEO plugin. -->","yoast_head_json":{"title":"Pol\u00edticas de Privacidad - B\u00f6den Hotel &amp; Spa, AKEN SOUL","robots":{"index":"index","follow":"follow","max-snippet":"max-snippet:-1","max-image-preview":"max-image-preview:large","max-video-preview":"max-video-preview:-1"},"canonical":"https:\/\/bodenhotel.com\/en\/politicas-de-privacidad-2\/","og_locale":"en_US","og_type":"article","og_title":"Pol\u00edticas de Privacidad - B\u00f6den Hotel &amp; Spa, AKEN SOUL","og_description":"Pol\u00edticas de Privacidad El hotel recopila informaci\u00f3n personal del hu\u00e9sped, cuando realiza una reserva o se pone en contacto con el establecimiento. Es posible que se le solicite que ingrese su nombre, direcci\u00f3n de correo electr\u00f3nico, direcci\u00f3n postal, n\u00famero de tel\u00e9fono o informaci\u00f3n de la tarjeta de cr\u00e9dito. \u00bfPara qu\u00e9 se utiliza esta informaci\u00f3n? Cualquier ...","og_url":"https:\/\/bodenhotel.com\/en\/politicas-de-privacidad-2\/","og_site_name":"B\u00f6den Hotel &amp; Spa, AKEN SOUL","article_modified_time":"2024-03-01T22:08:55+00:00","og_image":[{"width":2048,"height":1166,"url":"https:\/\/bodenhotel.com\/wp-content\/uploads\/2024\/02\/green-palm-leaves-on-the-background-of-the-pool-s-2023-11-27-05-33-43-utc.webp","type":"image\/webp"}],"twitter_card":"summary_large_image","twitter_misc":{"Est. reading time":"2 minutes"},"schema":{"@context":"https:\/\/schema.org","@graph":[{"@type":"WebPage","@id":"https:\/\/bodenhotel.com\/politicas-de-privacidad-2\/","url":"https:\/\/bodenhotel.com\/politicas-de-privacidad-2\/","name":"Pol\u00edticas de Privacidad - B\u00f6den Hotel &amp; Spa, AKEN SOUL","isPartOf":{"@id":"https:\/\/bodenhotel.com\/es\/#website"},"primaryImageOfPage":{"@id":"https:\/\/bodenhotel.com\/politicas-de-privacidad-2\/#primaryimage"},"image":{"@id":"https:\/\/bodenhotel.com\/politicas-de-privacidad-2\/#primaryimage"},"thumbnailUrl":"https:\/\/bodenhotel.com\/wp-content\/uploads\/2024\/02\/green-palm-leaves-on-the-background-of-the-pool-s-2023-11-27-05-33-43-utc.webp","datePublished":"2024-03-01T20:34:39+00:00","dateModified":"2024-03-01T22:08:55+00:00","breadcrumb":{"@id":"https:\/\/bodenhotel.com\/politicas-de-privacidad-2\/#breadcrumb"},"inLanguage":"en-US","potentialAction":[{"@type":"ReadAction","target":["https:\/\/bodenhotel.com\/politicas-de-privacidad-2\/"]}]},{"@type":"ImageObject","inLanguage":"en-US","@id":"https:\/\/bodenhotel.com\/politicas-de-privacidad-2\/#primaryimage","url":"https:\/\/bodenhotel.com\/wp-content\/uploads\/2024\/02\/green-palm-leaves-on-the-background-of-the-pool-s-2023-11-27-05-33-43-utc.webp","contentUrl":"https:\/\/bodenhotel.com\/wp-content\/uploads\/2024\/02\/green-palm-leaves-on-the-background-of-the-pool-s-2023-11-27-05-33-43-utc.webp","width":2048,"height":1166},{"@type":"BreadcrumbList","@id":"https:\/\/bodenhotel.com\/politicas-de-privacidad-2\/#breadcrumb","itemListElement":[{"@type":"ListItem","position":1,"name":"Home","item":"https:\/\/bodenhotel.com\/"},{"@type":"ListItem","position":2,"name":"Pol\u00edticas de Privacidad"}]},{"@type":"WebSite","@id":"https:\/\/bodenhotel.com\/es\/#website","url":"https:\/\/bodenhotel.com\/es\/","name":"B\u00f6den Hotel & Spa, AKEN Soul","description":"Un destino inigualable frente a las sierras de Villa General Belgrano.","publisher":{"@id":"https:\/\/bodenhotel.com\/es\/#organization"},"alternateName":"B\u00f6den Hotel & Spa, AKEN Soul","potentialAction":[{"@type":"SearchAction","target":{"@type":"EntryPoint","urlTemplate":"https:\/\/bodenhotel.com\/es\/?s={search_term_string}"},"query-input":{"@type":"PropertyValueSpecification","valueRequired":true,"valueName":"search_term_string"}}],"inLanguage":"en-US"},{"@type":"Organization","@id":"https:\/\/bodenhotel.com\/es\/#organization","name":"B\u00f6den Hotel & SPA, AKEN Soul","alternateName":"B\u00f6den Hotel & SPA, AKEN Soul","url":"https:\/\/bodenhotel.com\/es\/","logo":{"@type":"ImageObject","inLanguage":"en-US","@id":"https:\/\/bodenhotel.com\/es\/#\/schema\/logo\/image\/","url":"https:\/\/bodenhotel.com\/wp-content\/uploads\/2023\/03\/Logo-Boden.svg","contentUrl":"https:\/\/bodenhotel.com\/wp-content\/uploads\/2023\/03\/Logo-Boden.svg","width":320,"height":162,"caption":"B\u00f6den Hotel & SPA, AKEN Soul"},"image":{"@id":"https:\/\/bodenhotel.com\/es\/#\/schema\/logo\/image\/"},"sameAs":["https:\/\/www.instagram.com\/bodenhotelakensoul\/"]}]}},"_links":{"self":[{"href":"https:\/\/bodenhotel.com\/en\/wp-json\/wp\/v2\/pages\/4945","targetHints":{"allow":["GET"]}}],"collection":[{"href":"https:\/\/bodenhotel.com\/en\/wp-json\/wp\/v2\/pages"}],"about":[{"href":"https:\/\/bodenhotel.com\/en\/wp-json\/wp\/v2\/types\/page"}],"author":[{"embeddable":true,"href":"https:\/\/bodenhotel.com\/en\/wp-json\/wp\/v2\/users\/5"}],"replies":[{"embeddable":true,"href":"https:\/\/bodenhotel.com\/en\/wp-json\/wp\/v2\/comments?post=4945"}],"version-history":[{"count":13,"href":"https:\/\/bodenhotel.com\/en\/wp-json\/wp\/v2\/pages\/4945\/revisions"}],"predecessor-version":[{"id":4958,"href":"https:\/\/bodenhotel.com\/en\/wp-json\/wp\/v2\/pages\/4945\/revisions\/4958"}],"wp:featuredmedia":[{"embeddable":true,"href":"https:\/\/bodenhotel.com\/en\/wp-json\/wp\/v2\/media\/4304"}],"wp:attachment":[{"href":"https:\/\/bodenhotel.com\/en\/wp-json\/wp\/v2\/media?parent=4945"}],"curies":[{"name":"wp","href":"https:\/\/api.w.org\/{rel}","templated":true}]}}