{"id":6381,"date":"2024-05-17T15:41:44","date_gmt":"2024-05-17T15:41:44","guid":{"rendered":"https:\/\/nuevo.bodenhotel.com\/?page_id=6381"},"modified":"2025-06-18T12:14:57","modified_gmt":"2025-06-18T15:14:57","slug":"politicas-de-privacidad","status":"publish","type":"page","link":"https:\/\/bodenhotel.com\/en\/politicas-de-privacidad\/","title":{"rendered":"Privacy Policies"},"content":{"rendered":"<div data-elementor-type=\"wp-page\" data-elementor-id=\"6381\" class=\"elementor elementor-6381\" data-elementor-post-type=\"page\">\n\t\t\t\t\t\t<section class=\"elementor-section elementor-top-section elementor-element elementor-element-74f2326 elementor-section-boxed elementor-section-height-default elementor-section-height-default\" data-id=\"74f2326\" data-element_type=\"section\" data-e-type=\"section\">\n\t\t\t\t\t\t<div class=\"elementor-container elementor-column-gap-default\">\n\t\t\t\t\t<div class=\"elementor-column elementor-col-100 elementor-top-column elementor-element elementor-element-af2e782\" data-id=\"af2e782\" data-element_type=\"column\" data-e-type=\"column\">\n\t\t\t<div class=\"elementor-widget-wrap elementor-element-populated\">\n\t\t\t\t\t\t<div class=\"elementor-element elementor-element-f4d4ac5 elementor-widget elementor-widget-heading\" data-id=\"f4d4ac5\" data-element_type=\"widget\" data-e-type=\"widget\" data-widget_type=\"heading.default\">\n\t\t\t\t<div class=\"elementor-widget-container\">\n\t\t\t\t\t<h2 class=\"elementor-heading-title elementor-size-default\">Privacy Policies\n<\/h2>\t\t\t\t<\/div>\n\t\t\t\t<\/div>\n\t\t\t\t\t<\/div>\n\t\t<\/div>\n\t\t\t\t\t<\/div>\n\t\t<\/section>\n\t\t\t\t<section class=\"elementor-section elementor-top-section elementor-element elementor-element-4951748 elementor-section-boxed elementor-section-height-default elementor-section-height-default\" data-id=\"4951748\" data-element_type=\"section\" data-e-type=\"section\">\n\t\t\t\t\t\t<div class=\"elementor-container elementor-column-gap-default\">\n\t\t\t\t\t<div class=\"elementor-column elementor-col-100 elementor-top-column elementor-element elementor-element-c1bbcab\" data-id=\"c1bbcab\" data-element_type=\"column\" data-e-type=\"column\">\n\t\t\t<div class=\"elementor-widget-wrap elementor-element-populated\">\n\t\t\t\t\t\t<div class=\"elementor-element elementor-element-c82a89f elementor-widget elementor-widget-text-editor\" data-id=\"c82a89f\" data-element_type=\"widget\" data-e-type=\"widget\" data-widget_type=\"text-editor.default\">\n\t\t\t\t<div class=\"elementor-widget-container\">\n\t\t\t\t\t\t\t\t\t<p>The hotel collects personal information from guests when placing an order or subscribing to the newsletter.<\/p><p>You may be asked to enter your name, email address, mailing address, phone number, or credit card information.<\/p><p><strong>What is this information used for?<\/strong><\/p><p>Any information we collect from you may be used in one of the following ways:<\/p><p>For sending informational emails. For order processing.<br \/>Para enviarle informaci\u00f3n y actualizaciones relacionadas con su pedido.<\/p><p><strong>Sending occasional company news.<\/strong><\/p><p class=\"translation-block\">Sending updates, information related to products or services, etc.\nFor transaction processing: To complete payments related to your reservations and requests. After a transaction, your private information (credit cards, identification numbers, etc.) will not be stored on our servers.<\/p><p>Your information, whether public or private, will not be sold, exchanged, transferred, or given to any other company for any reason whatsoever, without your consent, other than for the express purpose of delivering the purchased product or service requested.<\/p><p>If at any time you wish to unsubscribe from receiving future emails, you can unsubscribe at the bottom of each email.<\/p><p><strong>Third-party links<\/strong><\/p><p>Occasionally, we may include or offer third-party products or services on our website. These third-party sites have separate and independent privacy policies. Therefore, we have no responsibility or liability for the content and activities of these linked sites. Nonetheless, we seek to protect the integrity of our site and welcome any feedback about these sites.<\/p><p><strong>Regarding minors:<\/strong><\/p><p class=\"translation-block\">Guests under 18 years of age must always be accompanied by an adult per room. It is a mandatory requirement for registration that such a minor stay with a mother\/father or legal guardian.<\/p><p class=\"translation-block\">For special permissions to travel with minors, please contact us before booking at reservas@bodenhotel.com -Tel: +54 9 3546 46-0920 to inquire about the necessary documentation to present.<\/p><p><strong>Consent<\/strong><\/p><p>By using our website and booking engine, you agree to the privacy policy and terms of our website.<\/p>\t\t\t\t\t\t\t\t<\/div>\n\t\t\t\t<\/div>\n\t\t\t\t\t<\/div>\n\t\t<\/div>\n\t\t\t\t\t<\/div>\n\t\t<\/section>\n\t\t\t\t<\/div>","protected":false},"excerpt":{"rendered":"<p>Pol\u00edticas de privacidad El hotel recopila informaci\u00f3n personal del hu\u00e9sped, cuando realiza un pedido o se suscribe al bolet\u00edn de novedades. Es posible que se le solicite que ingrese su nombre, direcci\u00f3n de correo electr\u00f3nico, direcci\u00f3n postal, n\u00famero de tel\u00e9fono o informaci\u00f3n de la tarjeta de cr\u00e9dito. \u00bfPara qu\u00e9 utiliza esta informaci\u00f3n? Cualquier informaci\u00f3n que &#8230;<\/p>","protected":false},"author":5,"featured_media":0,"parent":0,"menu_order":0,"comment_status":"closed","ping_status":"closed","template":"","meta":{"inline_featured_image":false,"cozystay_single_page_hide_site_header":"","cozystay_single_page_site_header_source":"","cozystay_single_page_custom_site_header":"0","cozystay_single_page_custom_sticky_site_header":"0","cozystay_single_page_hide_page_title":"","cozystay_single_page_header_section_size":"","cozystay_single_page_header_background_color":"","cozystay_single_page_header_background_position_x":"center","cozystay_single_page_header_background_position_y":"center","cozystay_single_page_header_background_size":"cover","cozystay_single_page_header_background_repeat":"off","cozystay_single_page_header_background_scroll":"on","cozystay_single_page_header_text_color":"","cozystay_single_page_header_show_breadcrumb":"","cozystay_single_page_site_footer_hide_main":"","cozystay_single_custom_site_footer_main_source":"","cozystay_single_custom_site_footer_main":"0","cozystay_single_page_site_footer_hide_above":"","cozystay_single_custom_site_footer_above_source":"","cozystay_single_custom_site_footer_above":"0","cozystay_single_page_site_footer_hide_instagram":"","cozystay_single_page_site_footer_hide_bottom":"","cozystay_single_custom_mobile_menu_source":"","cozystay_single_custom_mobile_menu":"0","cozystay_single_custom_mobile_menu_animation":"","cozystay_single_custom_mobile_menu_width":"","cozystay_single_custom_mobile_menu_custom_width":375,"footnotes":""},"class_list":["post-6381","page","type-page","status-publish","hentry"],"yoast_head":"<!-- This site is optimized with the Yoast SEO plugin v27.4 - https:\/\/yoast.com\/product\/yoast-seo-wordpress\/ -->\n<title>Pol\u00edticas de privacidad - B\u00f6den Hotel &amp; Spa, AKEN SOUL<\/title>\n<meta name=\"robots\" content=\"index, follow, max-snippet:-1, max-image-preview:large, max-video-preview:-1\" \/>\n<link rel=\"canonical\" href=\"https:\/\/bodenhotel.com\/en\/politicas-de-privacidad\/\" \/>\n<meta property=\"og:locale\" content=\"en_US\" \/>\n<meta property=\"og:type\" content=\"article\" \/>\n<meta property=\"og:title\" content=\"Pol\u00edticas de privacidad - B\u00f6den Hotel &amp; Spa, AKEN SOUL\" \/>\n<meta property=\"og:description\" content=\"Pol\u00edticas de privacidad El hotel recopila informaci\u00f3n personal del hu\u00e9sped, cuando realiza un pedido o se suscribe al bolet\u00edn de novedades. Es posible que se le solicite que ingrese su nombre, direcci\u00f3n de correo electr\u00f3nico, direcci\u00f3n postal, n\u00famero de tel\u00e9fono o informaci\u00f3n de la tarjeta de cr\u00e9dito. \u00bfPara qu\u00e9 utiliza esta informaci\u00f3n? Cualquier informaci\u00f3n que ...\" \/>\n<meta property=\"og:url\" content=\"https:\/\/bodenhotel.com\/en\/politicas-de-privacidad\/\" \/>\n<meta property=\"og:site_name\" content=\"B\u00f6den Hotel &amp; Spa, AKEN SOUL\" \/>\n<meta property=\"article:modified_time\" content=\"2025-06-18T15:14:57+00:00\" \/>\n<meta property=\"og:image\" content=\"https:\/\/bodenhotel.com\/wp-content\/uploads\/2024\/05\/Rectangle-25-1.webp\" \/>\n\t<meta property=\"og:image:width\" content=\"1918\" \/>\n\t<meta property=\"og:image:height\" content=\"927\" \/>\n\t<meta property=\"og:image:type\" content=\"image\/webp\" \/>\n<meta name=\"twitter:card\" content=\"summary_large_image\" \/>\n<meta name=\"twitter:label1\" content=\"Est. reading time\" \/>\n\t<meta name=\"twitter:data1\" content=\"2 minutes\" \/>\n<script type=\"application\/ld+json\" class=\"yoast-schema-graph\">{\"@context\":\"https:\\\/\\\/schema.org\",\"@graph\":[{\"@type\":\"WebPage\",\"@id\":\"https:\\\/\\\/bodenhotel.com\\\/politicas-de-privacidad\\\/\",\"url\":\"https:\\\/\\\/bodenhotel.com\\\/politicas-de-privacidad\\\/\",\"name\":\"Pol\u00edticas de privacidad - B\u00f6den Hotel &amp; Spa, AKEN SOUL\",\"isPartOf\":{\"@id\":\"https:\\\/\\\/bodenhotel.com\\\/es\\\/#website\"},\"datePublished\":\"2024-05-17T15:41:44+00:00\",\"dateModified\":\"2025-06-18T15:14:57+00:00\",\"breadcrumb\":{\"@id\":\"https:\\\/\\\/bodenhotel.com\\\/politicas-de-privacidad\\\/#breadcrumb\"},\"inLanguage\":\"en-US\",\"potentialAction\":[{\"@type\":\"ReadAction\",\"target\":[\"https:\\\/\\\/bodenhotel.com\\\/politicas-de-privacidad\\\/\"]}]},{\"@type\":\"BreadcrumbList\",\"@id\":\"https:\\\/\\\/bodenhotel.com\\\/politicas-de-privacidad\\\/#breadcrumb\",\"itemListElement\":[{\"@type\":\"ListItem\",\"position\":1,\"name\":\"Home\",\"item\":\"https:\\\/\\\/bodenhotel.com\\\/\"},{\"@type\":\"ListItem\",\"position\":2,\"name\":\"Pol\u00edticas de privacidad\"}]},{\"@type\":\"WebSite\",\"@id\":\"https:\\\/\\\/bodenhotel.com\\\/es\\\/#website\",\"url\":\"https:\\\/\\\/bodenhotel.com\\\/es\\\/\",\"name\":\"B\u00f6den Hotel & Spa, AKEN Soul\",\"description\":\"Un destino inigualable frente a las sierras de Villa General Belgrano.\",\"publisher\":{\"@id\":\"https:\\\/\\\/bodenhotel.com\\\/es\\\/#organization\"},\"alternateName\":\"B\u00f6den Hotel & Spa, AKEN Soul\",\"potentialAction\":[{\"@type\":\"SearchAction\",\"target\":{\"@type\":\"EntryPoint\",\"urlTemplate\":\"https:\\\/\\\/bodenhotel.com\\\/es\\\/?s={search_term_string}\"},\"query-input\":{\"@type\":\"PropertyValueSpecification\",\"valueRequired\":true,\"valueName\":\"search_term_string\"}}],\"inLanguage\":\"en-US\"},{\"@type\":\"Organization\",\"@id\":\"https:\\\/\\\/bodenhotel.com\\\/es\\\/#organization\",\"name\":\"B\u00f6den Hotel & SPA, AKEN Soul\",\"alternateName\":\"B\u00f6den Hotel & SPA, AKEN Soul\",\"url\":\"https:\\\/\\\/bodenhotel.com\\\/es\\\/\",\"logo\":{\"@type\":\"ImageObject\",\"inLanguage\":\"en-US\",\"@id\":\"https:\\\/\\\/bodenhotel.com\\\/es\\\/#\\\/schema\\\/logo\\\/image\\\/\",\"url\":\"https:\\\/\\\/bodenhotel.com\\\/wp-content\\\/uploads\\\/2023\\\/03\\\/Logo-Boden.svg\",\"contentUrl\":\"https:\\\/\\\/bodenhotel.com\\\/wp-content\\\/uploads\\\/2023\\\/03\\\/Logo-Boden.svg\",\"width\":320,\"height\":162,\"caption\":\"B\u00f6den Hotel & SPA, AKEN Soul\"},\"image\":{\"@id\":\"https:\\\/\\\/bodenhotel.com\\\/es\\\/#\\\/schema\\\/logo\\\/image\\\/\"},\"sameAs\":[\"https:\\\/\\\/www.instagram.com\\\/bodenhotelakensoul\\\/\"]}]}<\/script>\n<!-- \/ Yoast SEO plugin. -->","yoast_head_json":{"title":"Pol\u00edticas de privacidad - B\u00f6den Hotel &amp; Spa, AKEN SOUL","robots":{"index":"index","follow":"follow","max-snippet":"max-snippet:-1","max-image-preview":"max-image-preview:large","max-video-preview":"max-video-preview:-1"},"canonical":"https:\/\/bodenhotel.com\/en\/politicas-de-privacidad\/","og_locale":"en_US","og_type":"article","og_title":"Pol\u00edticas de privacidad - B\u00f6den Hotel &amp; Spa, AKEN SOUL","og_description":"Pol\u00edticas de privacidad El hotel recopila informaci\u00f3n personal del hu\u00e9sped, cuando realiza un pedido o se suscribe al bolet\u00edn de novedades. Es posible que se le solicite que ingrese su nombre, direcci\u00f3n de correo electr\u00f3nico, direcci\u00f3n postal, n\u00famero de tel\u00e9fono o informaci\u00f3n de la tarjeta de cr\u00e9dito. \u00bfPara qu\u00e9 utiliza esta informaci\u00f3n? Cualquier informaci\u00f3n que ...","og_url":"https:\/\/bodenhotel.com\/en\/politicas-de-privacidad\/","og_site_name":"B\u00f6den Hotel &amp; Spa, AKEN SOUL","article_modified_time":"2025-06-18T15:14:57+00:00","og_image":[{"width":1918,"height":927,"url":"https:\/\/bodenhotel.com\/wp-content\/uploads\/2024\/05\/Rectangle-25-1.webp","type":"image\/webp"}],"twitter_card":"summary_large_image","twitter_misc":{"Est. reading time":"2 minutes"},"schema":{"@context":"https:\/\/schema.org","@graph":[{"@type":"WebPage","@id":"https:\/\/bodenhotel.com\/politicas-de-privacidad\/","url":"https:\/\/bodenhotel.com\/politicas-de-privacidad\/","name":"Pol\u00edticas de privacidad - B\u00f6den Hotel &amp; Spa, AKEN SOUL","isPartOf":{"@id":"https:\/\/bodenhotel.com\/es\/#website"},"datePublished":"2024-05-17T15:41:44+00:00","dateModified":"2025-06-18T15:14:57+00:00","breadcrumb":{"@id":"https:\/\/bodenhotel.com\/politicas-de-privacidad\/#breadcrumb"},"inLanguage":"en-US","potentialAction":[{"@type":"ReadAction","target":["https:\/\/bodenhotel.com\/politicas-de-privacidad\/"]}]},{"@type":"BreadcrumbList","@id":"https:\/\/bodenhotel.com\/politicas-de-privacidad\/#breadcrumb","itemListElement":[{"@type":"ListItem","position":1,"name":"Home","item":"https:\/\/bodenhotel.com\/"},{"@type":"ListItem","position":2,"name":"Pol\u00edticas de privacidad"}]},{"@type":"WebSite","@id":"https:\/\/bodenhotel.com\/es\/#website","url":"https:\/\/bodenhotel.com\/es\/","name":"B\u00f6den Hotel & Spa, AKEN Soul","description":"Un destino inigualable frente a las sierras de Villa General Belgrano.","publisher":{"@id":"https:\/\/bodenhotel.com\/es\/#organization"},"alternateName":"B\u00f6den Hotel & Spa, AKEN Soul","potentialAction":[{"@type":"SearchAction","target":{"@type":"EntryPoint","urlTemplate":"https:\/\/bodenhotel.com\/es\/?s={search_term_string}"},"query-input":{"@type":"PropertyValueSpecification","valueRequired":true,"valueName":"search_term_string"}}],"inLanguage":"en-US"},{"@type":"Organization","@id":"https:\/\/bodenhotel.com\/es\/#organization","name":"B\u00f6den Hotel & SPA, AKEN Soul","alternateName":"B\u00f6den Hotel & SPA, AKEN Soul","url":"https:\/\/bodenhotel.com\/es\/","logo":{"@type":"ImageObject","inLanguage":"en-US","@id":"https:\/\/bodenhotel.com\/es\/#\/schema\/logo\/image\/","url":"https:\/\/bodenhotel.com\/wp-content\/uploads\/2023\/03\/Logo-Boden.svg","contentUrl":"https:\/\/bodenhotel.com\/wp-content\/uploads\/2023\/03\/Logo-Boden.svg","width":320,"height":162,"caption":"B\u00f6den Hotel & SPA, AKEN Soul"},"image":{"@id":"https:\/\/bodenhotel.com\/es\/#\/schema\/logo\/image\/"},"sameAs":["https:\/\/www.instagram.com\/bodenhotelakensoul\/"]}]}},"_links":{"self":[{"href":"https:\/\/bodenhotel.com\/en\/wp-json\/wp\/v2\/pages\/6381","targetHints":{"allow":["GET"]}}],"collection":[{"href":"https:\/\/bodenhotel.com\/en\/wp-json\/wp\/v2\/pages"}],"about":[{"href":"https:\/\/bodenhotel.com\/en\/wp-json\/wp\/v2\/types\/page"}],"author":[{"embeddable":true,"href":"https:\/\/bodenhotel.com\/en\/wp-json\/wp\/v2\/users\/5"}],"replies":[{"embeddable":true,"href":"https:\/\/bodenhotel.com\/en\/wp-json\/wp\/v2\/comments?post=6381"}],"version-history":[{"count":13,"href":"https:\/\/bodenhotel.com\/en\/wp-json\/wp\/v2\/pages\/6381\/revisions"}],"predecessor-version":[{"id":10410,"href":"https:\/\/bodenhotel.com\/en\/wp-json\/wp\/v2\/pages\/6381\/revisions\/10410"}],"wp:attachment":[{"href":"https:\/\/bodenhotel.com\/en\/wp-json\/wp\/v2\/media?parent=6381"}],"curies":[{"name":"wp","href":"https:\/\/api.w.org\/{rel}","templated":true}]}}