{"id":6389,"date":"2024-05-17T15:44:39","date_gmt":"2024-05-17T15:44:39","guid":{"rendered":"https:\/\/nuevo.bodenhotel.com\/?page_id=6389"},"modified":"2025-06-18T12:14:43","modified_gmt":"2025-06-18T15:14:43","slug":"politicas-de-cancelacion","status":"publish","type":"page","link":"https:\/\/bodenhotel.com\/en\/politicas-de-cancelacion\/","title":{"rendered":"Cancellation Policies"},"content":{"rendered":"<div data-elementor-type=\"wp-page\" data-elementor-id=\"6389\" class=\"elementor elementor-6389\" data-elementor-post-type=\"page\">\n\t\t\t\t\t\t<section class=\"elementor-section elementor-top-section elementor-element elementor-element-5f76357 elementor-section-boxed elementor-section-height-default elementor-section-height-default\" data-id=\"5f76357\" data-element_type=\"section\" data-e-type=\"section\">\n\t\t\t\t\t\t<div class=\"elementor-container elementor-column-gap-default\">\n\t\t\t\t\t<div class=\"elementor-column elementor-col-100 elementor-top-column elementor-element elementor-element-b4b6c74\" data-id=\"b4b6c74\" data-element_type=\"column\" data-e-type=\"column\">\n\t\t\t<div class=\"elementor-widget-wrap elementor-element-populated\">\n\t\t\t\t\t\t<div class=\"elementor-element elementor-element-46824f4 elementor-widget elementor-widget-heading\" data-id=\"46824f4\" data-element_type=\"widget\" data-e-type=\"widget\" data-widget_type=\"heading.default\">\n\t\t\t\t<div class=\"elementor-widget-container\">\n\t\t\t\t\t<h2 class=\"elementor-heading-title elementor-size-default\">Cancellation Policies\n<\/h2>\t\t\t\t<\/div>\n\t\t\t\t<\/div>\n\t\t\t\t\t<\/div>\n\t\t<\/div>\n\t\t\t\t\t<\/div>\n\t\t<\/section>\n\t\t\t\t<section class=\"elementor-section elementor-top-section elementor-element elementor-element-4dc810c elementor-section-boxed elementor-section-height-default elementor-section-height-default\" data-id=\"4dc810c\" data-element_type=\"section\" data-e-type=\"section\">\n\t\t\t\t\t\t<div class=\"elementor-container elementor-column-gap-default\">\n\t\t\t\t\t<div class=\"elementor-column elementor-col-100 elementor-top-column elementor-element elementor-element-d502804\" data-id=\"d502804\" data-element_type=\"column\" data-e-type=\"column\">\n\t\t\t<div class=\"elementor-widget-wrap elementor-element-populated\">\n\t\t\t\t\t\t<div class=\"elementor-element elementor-element-5c816ad elementor-widget elementor-widget-text-editor\" data-id=\"5c816ad\" data-element_type=\"widget\" data-e-type=\"widget\" data-widget_type=\"text-editor.default\">\n\t\t\t\t<div class=\"elementor-widget-container\">\n\t\t\t\t\t\t\t\t\t<p>Our cancellation policies vary by season and depending on the selected rate. Please consult this information in the terms of your reservation.<\/p><p>Rate observations and payment methods:<\/p><p>Rates quoted in US dollars may be paid in pesos at the official selling exchange rate of Banco Naci\u00f3n on the day of payment. Please contact us to receive our bank details.<\/p><p>Payment can be made by credit card, VISA, MASTERCARD, AMERICAN EXPRESS. In this case, please request the authorization form to ensure proper payment processing.<\/p><p>To report payments, please send an email to: <a href=\"mailto:reservas@bodenhotel.com\">reservas@bodenhotel.com<\/a><\/p>\t\t\t\t\t\t\t\t<\/div>\n\t\t\t\t<\/div>\n\t\t\t\t\t<\/div>\n\t\t<\/div>\n\t\t\t\t\t<\/div>\n\t\t<\/section>\n\t\t\t\t<\/div>","protected":false},"excerpt":{"rendered":"<p>Pol\u00edticas de cancelaci\u00f3n Nuestras pol\u00edticas de cancelaci\u00f3n, var\u00edan por temporada y dependiendo de la tarifa seleccionada. Por favor consulte esta informaci\u00f3n en las condiciones de su reserva. Observaciones de la tarifa y m\u00e9todos de pago: Las tarifas que se indican en d\u00f3lares estadounidenses, podr\u00e1n ser abonadas en pesos, al tipo de cambio oficial venta banco &#8230;<\/p>","protected":false},"author":5,"featured_media":5727,"parent":0,"menu_order":0,"comment_status":"closed","ping_status":"closed","template":"","meta":{"inline_featured_image":false,"cozystay_single_page_hide_site_header":"","cozystay_single_page_site_header_source":"","cozystay_single_page_custom_site_header":"0","cozystay_single_page_custom_sticky_site_header":"0","cozystay_single_page_hide_page_title":"","cozystay_single_page_header_section_size":"","cozystay_single_page_header_background_color":"","cozystay_single_page_header_background_position_x":"center","cozystay_single_page_header_background_position_y":"center","cozystay_single_page_header_background_size":"cover","cozystay_single_page_header_background_repeat":"off","cozystay_single_page_header_background_scroll":"on","cozystay_single_page_header_text_color":"","cozystay_single_page_header_show_breadcrumb":"","cozystay_single_page_site_footer_hide_main":"","cozystay_single_custom_site_footer_main_source":"","cozystay_single_custom_site_footer_main":"0","cozystay_single_page_site_footer_hide_above":"","cozystay_single_custom_site_footer_above_source":"","cozystay_single_custom_site_footer_above":"0","cozystay_single_page_site_footer_hide_instagram":"","cozystay_single_page_site_footer_hide_bottom":"","cozystay_single_custom_mobile_menu_source":"","cozystay_single_custom_mobile_menu":"0","cozystay_single_custom_mobile_menu_animation":"","cozystay_single_custom_mobile_menu_width":"","cozystay_single_custom_mobile_menu_custom_width":375,"footnotes":""},"class_list":["post-6389","page","type-page","status-publish","has-post-thumbnail","hentry"],"yoast_head":"<!-- This site is optimized with the Yoast SEO plugin v27.4 - https:\/\/yoast.com\/product\/yoast-seo-wordpress\/ -->\n<title>Pol\u00edticas de cancelaci\u00f3n - B\u00f6den Hotel &amp; Spa, AKEN SOUL<\/title>\n<meta name=\"robots\" content=\"index, follow, max-snippet:-1, max-image-preview:large, max-video-preview:-1\" \/>\n<link rel=\"canonical\" href=\"https:\/\/bodenhotel.com\/en\/politicas-de-cancelacion\/\" \/>\n<meta property=\"og:locale\" content=\"en_US\" \/>\n<meta property=\"og:type\" content=\"article\" \/>\n<meta property=\"og:title\" content=\"Pol\u00edticas de cancelaci\u00f3n - B\u00f6den Hotel &amp; Spa, AKEN SOUL\" \/>\n<meta property=\"og:description\" content=\"Pol\u00edticas de cancelaci\u00f3n Nuestras pol\u00edticas de cancelaci\u00f3n, var\u00edan por temporada y dependiendo de la tarifa seleccionada. Por favor consulte esta informaci\u00f3n en las condiciones de su reserva. Observaciones de la tarifa y m\u00e9todos de pago: Las tarifas que se indican en d\u00f3lares estadounidenses, podr\u00e1n ser abonadas en pesos, al tipo de cambio oficial venta banco ...\" \/>\n<meta property=\"og:url\" content=\"https:\/\/bodenhotel.com\/en\/politicas-de-cancelacion\/\" \/>\n<meta property=\"og:site_name\" content=\"B\u00f6den Hotel &amp; Spa, AKEN SOUL\" \/>\n<meta property=\"article:modified_time\" content=\"2025-06-18T15:14:43+00:00\" \/>\n<meta property=\"og:image\" content=\"https:\/\/bodenhotel.com\/wp-content\/uploads\/2023\/03\/cropped-Capa_1.png\" \/>\n\t<meta property=\"og:image:width\" content=\"260\" \/>\n\t<meta property=\"og:image:height\" content=\"116\" \/>\n\t<meta property=\"og:image:type\" content=\"image\/png\" \/>\n<meta name=\"twitter:card\" content=\"summary_large_image\" \/>\n<meta name=\"twitter:label1\" content=\"Est. reading time\" \/>\n\t<meta name=\"twitter:data1\" content=\"1 minute\" \/>\n<script type=\"application\/ld+json\" class=\"yoast-schema-graph\">{\"@context\":\"https:\\\/\\\/schema.org\",\"@graph\":[{\"@type\":\"WebPage\",\"@id\":\"https:\\\/\\\/bodenhotel.com\\\/politicas-de-cancelacion\\\/\",\"url\":\"https:\\\/\\\/bodenhotel.com\\\/politicas-de-cancelacion\\\/\",\"name\":\"Pol\u00edticas de cancelaci\u00f3n - B\u00f6den Hotel &amp; Spa, AKEN SOUL\",\"isPartOf\":{\"@id\":\"https:\\\/\\\/bodenhotel.com\\\/es\\\/#website\"},\"primaryImageOfPage\":{\"@id\":\"https:\\\/\\\/bodenhotel.com\\\/politicas-de-cancelacion\\\/#primaryimage\"},\"image\":{\"@id\":\"https:\\\/\\\/bodenhotel.com\\\/politicas-de-cancelacion\\\/#primaryimage\"},\"thumbnailUrl\":\"https:\\\/\\\/bodenhotel.com\\\/wp-content\\\/uploads\\\/2024\\\/05\\\/PORTADA-1.jpg\",\"datePublished\":\"2024-05-17T15:44:39+00:00\",\"dateModified\":\"2025-06-18T15:14:43+00:00\",\"breadcrumb\":{\"@id\":\"https:\\\/\\\/bodenhotel.com\\\/politicas-de-cancelacion\\\/#breadcrumb\"},\"inLanguage\":\"en-US\",\"potentialAction\":[{\"@type\":\"ReadAction\",\"target\":[\"https:\\\/\\\/bodenhotel.com\\\/politicas-de-cancelacion\\\/\"]}]},{\"@type\":\"ImageObject\",\"inLanguage\":\"en-US\",\"@id\":\"https:\\\/\\\/bodenhotel.com\\\/politicas-de-cancelacion\\\/#primaryimage\",\"url\":\"https:\\\/\\\/bodenhotel.com\\\/wp-content\\\/uploads\\\/2024\\\/05\\\/PORTADA-1.jpg\",\"contentUrl\":\"https:\\\/\\\/bodenhotel.com\\\/wp-content\\\/uploads\\\/2024\\\/05\\\/PORTADA-1.jpg\",\"width\":1920,\"height\":1080},{\"@type\":\"BreadcrumbList\",\"@id\":\"https:\\\/\\\/bodenhotel.com\\\/politicas-de-cancelacion\\\/#breadcrumb\",\"itemListElement\":[{\"@type\":\"ListItem\",\"position\":1,\"name\":\"Home\",\"item\":\"https:\\\/\\\/bodenhotel.com\\\/\"},{\"@type\":\"ListItem\",\"position\":2,\"name\":\"Pol\u00edticas de cancelaci\u00f3n\"}]},{\"@type\":\"WebSite\",\"@id\":\"https:\\\/\\\/bodenhotel.com\\\/es\\\/#website\",\"url\":\"https:\\\/\\\/bodenhotel.com\\\/es\\\/\",\"name\":\"B\u00f6den Hotel & Spa, AKEN Soul\",\"description\":\"Un destino inigualable frente a las sierras de Villa General Belgrano.\",\"publisher\":{\"@id\":\"https:\\\/\\\/bodenhotel.com\\\/es\\\/#organization\"},\"alternateName\":\"B\u00f6den Hotel & Spa, AKEN Soul\",\"potentialAction\":[{\"@type\":\"SearchAction\",\"target\":{\"@type\":\"EntryPoint\",\"urlTemplate\":\"https:\\\/\\\/bodenhotel.com\\\/es\\\/?s={search_term_string}\"},\"query-input\":{\"@type\":\"PropertyValueSpecification\",\"valueRequired\":true,\"valueName\":\"search_term_string\"}}],\"inLanguage\":\"en-US\"},{\"@type\":\"Organization\",\"@id\":\"https:\\\/\\\/bodenhotel.com\\\/es\\\/#organization\",\"name\":\"B\u00f6den Hotel & SPA, AKEN Soul\",\"alternateName\":\"B\u00f6den Hotel & SPA, AKEN Soul\",\"url\":\"https:\\\/\\\/bodenhotel.com\\\/es\\\/\",\"logo\":{\"@type\":\"ImageObject\",\"inLanguage\":\"en-US\",\"@id\":\"https:\\\/\\\/bodenhotel.com\\\/es\\\/#\\\/schema\\\/logo\\\/image\\\/\",\"url\":\"https:\\\/\\\/bodenhotel.com\\\/wp-content\\\/uploads\\\/2023\\\/03\\\/Logo-Boden.svg\",\"contentUrl\":\"https:\\\/\\\/bodenhotel.com\\\/wp-content\\\/uploads\\\/2023\\\/03\\\/Logo-Boden.svg\",\"width\":320,\"height\":162,\"caption\":\"B\u00f6den Hotel & SPA, AKEN Soul\"},\"image\":{\"@id\":\"https:\\\/\\\/bodenhotel.com\\\/es\\\/#\\\/schema\\\/logo\\\/image\\\/\"},\"sameAs\":[\"https:\\\/\\\/www.instagram.com\\\/bodenhotelakensoul\\\/\"]}]}<\/script>\n<!-- \/ Yoast SEO plugin. -->","yoast_head_json":{"title":"Pol\u00edticas de cancelaci\u00f3n - B\u00f6den Hotel &amp; Spa, AKEN SOUL","robots":{"index":"index","follow":"follow","max-snippet":"max-snippet:-1","max-image-preview":"max-image-preview:large","max-video-preview":"max-video-preview:-1"},"canonical":"https:\/\/bodenhotel.com\/en\/politicas-de-cancelacion\/","og_locale":"en_US","og_type":"article","og_title":"Pol\u00edticas de cancelaci\u00f3n - B\u00f6den Hotel &amp; Spa, AKEN SOUL","og_description":"Pol\u00edticas de cancelaci\u00f3n Nuestras pol\u00edticas de cancelaci\u00f3n, var\u00edan por temporada y dependiendo de la tarifa seleccionada. Por favor consulte esta informaci\u00f3n en las condiciones de su reserva. Observaciones de la tarifa y m\u00e9todos de pago: Las tarifas que se indican en d\u00f3lares estadounidenses, podr\u00e1n ser abonadas en pesos, al tipo de cambio oficial venta banco ...","og_url":"https:\/\/bodenhotel.com\/en\/politicas-de-cancelacion\/","og_site_name":"B\u00f6den Hotel &amp; Spa, AKEN SOUL","article_modified_time":"2025-06-18T15:14:43+00:00","og_image":[{"width":260,"height":116,"url":"https:\/\/bodenhotel.com\/wp-content\/uploads\/2023\/03\/cropped-Capa_1.png","type":"image\/png"}],"twitter_card":"summary_large_image","twitter_misc":{"Est. reading time":"1 minute"},"schema":{"@context":"https:\/\/schema.org","@graph":[{"@type":"WebPage","@id":"https:\/\/bodenhotel.com\/politicas-de-cancelacion\/","url":"https:\/\/bodenhotel.com\/politicas-de-cancelacion\/","name":"Pol\u00edticas de cancelaci\u00f3n - B\u00f6den Hotel &amp; Spa, AKEN SOUL","isPartOf":{"@id":"https:\/\/bodenhotel.com\/es\/#website"},"primaryImageOfPage":{"@id":"https:\/\/bodenhotel.com\/politicas-de-cancelacion\/#primaryimage"},"image":{"@id":"https:\/\/bodenhotel.com\/politicas-de-cancelacion\/#primaryimage"},"thumbnailUrl":"https:\/\/bodenhotel.com\/wp-content\/uploads\/2024\/05\/PORTADA-1.jpg","datePublished":"2024-05-17T15:44:39+00:00","dateModified":"2025-06-18T15:14:43+00:00","breadcrumb":{"@id":"https:\/\/bodenhotel.com\/politicas-de-cancelacion\/#breadcrumb"},"inLanguage":"en-US","potentialAction":[{"@type":"ReadAction","target":["https:\/\/bodenhotel.com\/politicas-de-cancelacion\/"]}]},{"@type":"ImageObject","inLanguage":"en-US","@id":"https:\/\/bodenhotel.com\/politicas-de-cancelacion\/#primaryimage","url":"https:\/\/bodenhotel.com\/wp-content\/uploads\/2024\/05\/PORTADA-1.jpg","contentUrl":"https:\/\/bodenhotel.com\/wp-content\/uploads\/2024\/05\/PORTADA-1.jpg","width":1920,"height":1080},{"@type":"BreadcrumbList","@id":"https:\/\/bodenhotel.com\/politicas-de-cancelacion\/#breadcrumb","itemListElement":[{"@type":"ListItem","position":1,"name":"Home","item":"https:\/\/bodenhotel.com\/"},{"@type":"ListItem","position":2,"name":"Pol\u00edticas de cancelaci\u00f3n"}]},{"@type":"WebSite","@id":"https:\/\/bodenhotel.com\/es\/#website","url":"https:\/\/bodenhotel.com\/es\/","name":"B\u00f6den Hotel & Spa, AKEN Soul","description":"Un destino inigualable frente a las sierras de Villa General Belgrano.","publisher":{"@id":"https:\/\/bodenhotel.com\/es\/#organization"},"alternateName":"B\u00f6den Hotel & Spa, AKEN Soul","potentialAction":[{"@type":"SearchAction","target":{"@type":"EntryPoint","urlTemplate":"https:\/\/bodenhotel.com\/es\/?s={search_term_string}"},"query-input":{"@type":"PropertyValueSpecification","valueRequired":true,"valueName":"search_term_string"}}],"inLanguage":"en-US"},{"@type":"Organization","@id":"https:\/\/bodenhotel.com\/es\/#organization","name":"B\u00f6den Hotel & SPA, AKEN Soul","alternateName":"B\u00f6den Hotel & SPA, AKEN Soul","url":"https:\/\/bodenhotel.com\/es\/","logo":{"@type":"ImageObject","inLanguage":"en-US","@id":"https:\/\/bodenhotel.com\/es\/#\/schema\/logo\/image\/","url":"https:\/\/bodenhotel.com\/wp-content\/uploads\/2023\/03\/Logo-Boden.svg","contentUrl":"https:\/\/bodenhotel.com\/wp-content\/uploads\/2023\/03\/Logo-Boden.svg","width":320,"height":162,"caption":"B\u00f6den Hotel & SPA, AKEN Soul"},"image":{"@id":"https:\/\/bodenhotel.com\/es\/#\/schema\/logo\/image\/"},"sameAs":["https:\/\/www.instagram.com\/bodenhotelakensoul\/"]}]}},"_links":{"self":[{"href":"https:\/\/bodenhotel.com\/en\/wp-json\/wp\/v2\/pages\/6389","targetHints":{"allow":["GET"]}}],"collection":[{"href":"https:\/\/bodenhotel.com\/en\/wp-json\/wp\/v2\/pages"}],"about":[{"href":"https:\/\/bodenhotel.com\/en\/wp-json\/wp\/v2\/types\/page"}],"author":[{"embeddable":true,"href":"https:\/\/bodenhotel.com\/en\/wp-json\/wp\/v2\/users\/5"}],"replies":[{"embeddable":true,"href":"https:\/\/bodenhotel.com\/en\/wp-json\/wp\/v2\/comments?post=6389"}],"version-history":[{"count":25,"href":"https:\/\/bodenhotel.com\/en\/wp-json\/wp\/v2\/pages\/6389\/revisions"}],"predecessor-version":[{"id":10407,"href":"https:\/\/bodenhotel.com\/en\/wp-json\/wp\/v2\/pages\/6389\/revisions\/10407"}],"wp:featuredmedia":[{"embeddable":true,"href":"https:\/\/bodenhotel.com\/en\/wp-json\/wp\/v2\/media\/5727"}],"wp:attachment":[{"href":"https:\/\/bodenhotel.com\/en\/wp-json\/wp\/v2\/media?parent=6389"}],"curies":[{"name":"wp","href":"https:\/\/api.w.org\/{rel}","templated":true}]}}