{"id":6394,"date":"2024-05-17T15:48:56","date_gmt":"2024-05-17T15:48:56","guid":{"rendered":"https:\/\/nuevo.bodenhotel.com\/?page_id=6394"},"modified":"2026-03-27T13:05:37","modified_gmt":"2026-03-27T16:05:37","slug":"hoteles-mas-verdes","status":"publish","type":"page","link":"https:\/\/bodenhotel.com\/en\/hoteles-mas-verdes\/","title":{"rendered":"Greener Hotels"},"content":{"rendered":"<div data-elementor-type=\"wp-page\" data-elementor-id=\"6394\" class=\"elementor elementor-6394\" data-elementor-post-type=\"page\">\n\t\t\t\t\t\t<section class=\"elementor-section elementor-top-section elementor-element elementor-element-b9100d9 elementor-section-boxed elementor-section-height-default elementor-section-height-default\" data-id=\"b9100d9\" data-element_type=\"section\" data-e-type=\"section\">\n\t\t\t\t\t\t<div class=\"elementor-container elementor-column-gap-default\">\n\t\t\t\t\t<div class=\"elementor-column elementor-col-100 elementor-top-column elementor-element elementor-element-d3cb504\" data-id=\"d3cb504\" data-element_type=\"column\" data-e-type=\"column\">\n\t\t\t<div class=\"elementor-widget-wrap elementor-element-populated\">\n\t\t\t\t\t\t<div class=\"elementor-element elementor-element-cccc6cc elementor-widget elementor-widget-text-editor\" data-id=\"cccc6cc\" data-element_type=\"widget\" data-e-type=\"widget\" data-widget_type=\"text-editor.default\">\n\t\t\t\t<div class=\"elementor-widget-container\">\n\t\t\t\t\t\t\t\t\t<p>At B\u00f6den Hotel &amp; Spa, AKEN SOUL we have been recognized with the Sustainable Management Certification at the BRONZE application level of Greenest Hotels, thanks to the sustainable and respectful management with the environment and socially responsible with the community and with the tourist destination where we are located.<\/p><p><strong>What is Greenest Hotels?<br \/><\/strong>The Greenest Hotels program is a program developed by the Association of Tourism Hotels of Argentina (AHT). It is a program validated by the Institute for Standardization and Certification (IRAM) and recognized by the Ministry of the Nation.<\/p><p>The program has been recognized by the Global Sustainable Tourism Council (GSTC) as one of the most prestigious sustainable tourism programs in the world.<\/p><p><strong>What does it mean to have the Bronze Certification?<\/strong><br \/>It means that at B\u00f6den Hotel &amp; Spa by AKEN Soul we comply with an effective implementation of a sustainable management system in all the facilities and services offered at the hotel.<\/p><p>Among the different actions, the following stand out:<\/p><ul><li>Excellent customer service and quality service.<\/li><li>Quality gastronomy, with organic products.<\/li><li>Reduction of waste generation.<\/li><li>Quality amenities, with environmentally responsible products.<\/li><\/ul>\t\t\t\t\t\t\t\t<\/div>\n\t\t\t\t<\/div>\n\t\t\t\t\t<\/div>\n\t\t<\/div>\n\t\t\t\t\t<\/div>\n\t\t<\/section>\n\t\t\t\t<\/div>","protected":false},"excerpt":{"rendered":"<p>En B\u00f6den Hotel &amp; Spa, AKEN SOUL hemos sido reconocido con la Certificaci\u00f3n de Gesti\u00f3n Sustentable en el nivel de aplicaci\u00f3n BRONCE de Hoteles m\u00e1s Verdes, gracias a la gesti\u00f3n sustentable y respetuosa con el medio ambiente y socialmente responsable con la comunidad y con el destino tur\u00edstico donde nos encontramos. \u00bfQu\u00e9 es Hoteles m\u00e1s &#8230;<\/p>","protected":false},"author":5,"featured_media":0,"parent":0,"menu_order":0,"comment_status":"closed","ping_status":"closed","template":"","meta":{"inline_featured_image":false,"cozystay_single_page_hide_site_header":"","cozystay_single_page_site_header_source":"","cozystay_single_page_custom_site_header":"0","cozystay_single_page_custom_sticky_site_header":"0","cozystay_single_page_hide_page_title":"","cozystay_single_page_header_section_size":"","cozystay_single_page_header_background_color":"","cozystay_single_page_header_background_position_x":"center","cozystay_single_page_header_background_position_y":"center","cozystay_single_page_header_background_size":"cover","cozystay_single_page_header_background_repeat":"off","cozystay_single_page_header_background_scroll":"on","cozystay_single_page_header_text_color":"","cozystay_single_page_header_show_breadcrumb":"","cozystay_single_page_site_footer_hide_main":"","cozystay_single_custom_site_footer_main_source":"","cozystay_single_custom_site_footer_main":"0","cozystay_single_page_site_footer_hide_above":"","cozystay_single_custom_site_footer_above_source":"","cozystay_single_custom_site_footer_above":"0","cozystay_single_page_site_footer_hide_instagram":"","cozystay_single_page_site_footer_hide_bottom":"","cozystay_single_custom_mobile_menu_source":"","cozystay_single_custom_mobile_menu":"0","cozystay_single_custom_mobile_menu_animation":"","cozystay_single_custom_mobile_menu_width":"","cozystay_single_custom_mobile_menu_custom_width":375,"footnotes":""},"class_list":["post-6394","page","type-page","status-publish","hentry"],"yoast_head":"<!-- This site is optimized with the Yoast SEO plugin v27.4 - https:\/\/yoast.com\/product\/yoast-seo-wordpress\/ -->\n<title>Hoteles m\u00e1s Verdes - B\u00f6den Hotel &amp; Spa, AKEN SOUL<\/title>\n<meta name=\"robots\" content=\"index, follow, max-snippet:-1, max-image-preview:large, max-video-preview:-1\" \/>\n<link rel=\"canonical\" href=\"https:\/\/bodenhotel.com\/en\/hoteles-mas-verdes\/\" \/>\n<meta property=\"og:locale\" content=\"en_US\" \/>\n<meta property=\"og:type\" content=\"article\" \/>\n<meta property=\"og:title\" content=\"Hoteles m\u00e1s Verdes - B\u00f6den Hotel &amp; Spa, AKEN SOUL\" \/>\n<meta property=\"og:description\" content=\"En B\u00f6den Hotel &amp; Spa, AKEN SOUL hemos sido reconocido con la Certificaci\u00f3n de Gesti\u00f3n Sustentable en el nivel de aplicaci\u00f3n BRONCE de Hoteles m\u00e1s Verdes, gracias a la gesti\u00f3n sustentable y respetuosa con el medio ambiente y socialmente responsable con la comunidad y con el destino tur\u00edstico donde nos encontramos. \u00bfQu\u00e9 es Hoteles m\u00e1s ...\" \/>\n<meta property=\"og:url\" content=\"https:\/\/bodenhotel.com\/en\/hoteles-mas-verdes\/\" \/>\n<meta property=\"og:site_name\" content=\"B\u00f6den Hotel &amp; Spa, AKEN SOUL\" \/>\n<meta property=\"article:modified_time\" content=\"2026-03-27T16:05:37+00:00\" \/>\n<meta property=\"og:image\" content=\"https:\/\/bodenhotel.com\/wp-content\/uploads\/2024\/05\/Rectangle-25-1.webp\" \/>\n\t<meta property=\"og:image:width\" content=\"1918\" \/>\n\t<meta property=\"og:image:height\" content=\"927\" \/>\n\t<meta property=\"og:image:type\" content=\"image\/webp\" \/>\n<meta name=\"twitter:card\" content=\"summary_large_image\" \/>\n<meta name=\"twitter:label1\" content=\"Est. reading time\" \/>\n\t<meta name=\"twitter:data1\" content=\"1 minute\" \/>\n<script type=\"application\/ld+json\" class=\"yoast-schema-graph\">{\"@context\":\"https:\\\/\\\/schema.org\",\"@graph\":[{\"@type\":\"WebPage\",\"@id\":\"https:\\\/\\\/bodenhotel.com\\\/hoteles-mas-verdes\\\/\",\"url\":\"https:\\\/\\\/bodenhotel.com\\\/hoteles-mas-verdes\\\/\",\"name\":\"Hoteles m\u00e1s Verdes - B\u00f6den Hotel &amp; Spa, AKEN SOUL\",\"isPartOf\":{\"@id\":\"https:\\\/\\\/bodenhotel.com\\\/es\\\/#website\"},\"datePublished\":\"2024-05-17T15:48:56+00:00\",\"dateModified\":\"2026-03-27T16:05:37+00:00\",\"breadcrumb\":{\"@id\":\"https:\\\/\\\/bodenhotel.com\\\/hoteles-mas-verdes\\\/#breadcrumb\"},\"inLanguage\":\"en-US\",\"potentialAction\":[{\"@type\":\"ReadAction\",\"target\":[\"https:\\\/\\\/bodenhotel.com\\\/hoteles-mas-verdes\\\/\"]}]},{\"@type\":\"BreadcrumbList\",\"@id\":\"https:\\\/\\\/bodenhotel.com\\\/hoteles-mas-verdes\\\/#breadcrumb\",\"itemListElement\":[{\"@type\":\"ListItem\",\"position\":1,\"name\":\"Home\",\"item\":\"https:\\\/\\\/bodenhotel.com\\\/\"},{\"@type\":\"ListItem\",\"position\":2,\"name\":\"Hoteles m\u00e1s Verdes\"}]},{\"@type\":\"WebSite\",\"@id\":\"https:\\\/\\\/bodenhotel.com\\\/es\\\/#website\",\"url\":\"https:\\\/\\\/bodenhotel.com\\\/es\\\/\",\"name\":\"B\u00f6den Hotel & Spa, AKEN Soul\",\"description\":\"Un destino inigualable frente a las sierras de Villa General Belgrano.\",\"publisher\":{\"@id\":\"https:\\\/\\\/bodenhotel.com\\\/es\\\/#organization\"},\"alternateName\":\"B\u00f6den Hotel & Spa, AKEN Soul\",\"potentialAction\":[{\"@type\":\"SearchAction\",\"target\":{\"@type\":\"EntryPoint\",\"urlTemplate\":\"https:\\\/\\\/bodenhotel.com\\\/es\\\/?s={search_term_string}\"},\"query-input\":{\"@type\":\"PropertyValueSpecification\",\"valueRequired\":true,\"valueName\":\"search_term_string\"}}],\"inLanguage\":\"en-US\"},{\"@type\":\"Organization\",\"@id\":\"https:\\\/\\\/bodenhotel.com\\\/es\\\/#organization\",\"name\":\"B\u00f6den Hotel & SPA, AKEN Soul\",\"alternateName\":\"B\u00f6den Hotel & SPA, AKEN Soul\",\"url\":\"https:\\\/\\\/bodenhotel.com\\\/es\\\/\",\"logo\":{\"@type\":\"ImageObject\",\"inLanguage\":\"en-US\",\"@id\":\"https:\\\/\\\/bodenhotel.com\\\/es\\\/#\\\/schema\\\/logo\\\/image\\\/\",\"url\":\"https:\\\/\\\/bodenhotel.com\\\/wp-content\\\/uploads\\\/2023\\\/03\\\/Logo-Boden.svg\",\"contentUrl\":\"https:\\\/\\\/bodenhotel.com\\\/wp-content\\\/uploads\\\/2023\\\/03\\\/Logo-Boden.svg\",\"width\":320,\"height\":162,\"caption\":\"B\u00f6den Hotel & SPA, AKEN Soul\"},\"image\":{\"@id\":\"https:\\\/\\\/bodenhotel.com\\\/es\\\/#\\\/schema\\\/logo\\\/image\\\/\"},\"sameAs\":[\"https:\\\/\\\/www.instagram.com\\\/bodenhotelakensoul\\\/\"]}]}<\/script>\n<!-- \/ Yoast SEO plugin. -->","yoast_head_json":{"title":"Hoteles m\u00e1s Verdes - B\u00f6den Hotel &amp; Spa, AKEN SOUL","robots":{"index":"index","follow":"follow","max-snippet":"max-snippet:-1","max-image-preview":"max-image-preview:large","max-video-preview":"max-video-preview:-1"},"canonical":"https:\/\/bodenhotel.com\/en\/hoteles-mas-verdes\/","og_locale":"en_US","og_type":"article","og_title":"Hoteles m\u00e1s Verdes - B\u00f6den Hotel &amp; Spa, AKEN SOUL","og_description":"En B\u00f6den Hotel &amp; Spa, AKEN SOUL hemos sido reconocido con la Certificaci\u00f3n de Gesti\u00f3n Sustentable en el nivel de aplicaci\u00f3n BRONCE de Hoteles m\u00e1s Verdes, gracias a la gesti\u00f3n sustentable y respetuosa con el medio ambiente y socialmente responsable con la comunidad y con el destino tur\u00edstico donde nos encontramos. \u00bfQu\u00e9 es Hoteles m\u00e1s ...","og_url":"https:\/\/bodenhotel.com\/en\/hoteles-mas-verdes\/","og_site_name":"B\u00f6den Hotel &amp; Spa, AKEN SOUL","article_modified_time":"2026-03-27T16:05:37+00:00","og_image":[{"width":1918,"height":927,"url":"https:\/\/bodenhotel.com\/wp-content\/uploads\/2024\/05\/Rectangle-25-1.webp","type":"image\/webp"}],"twitter_card":"summary_large_image","twitter_misc":{"Est. reading time":"1 minute"},"schema":{"@context":"https:\/\/schema.org","@graph":[{"@type":"WebPage","@id":"https:\/\/bodenhotel.com\/hoteles-mas-verdes\/","url":"https:\/\/bodenhotel.com\/hoteles-mas-verdes\/","name":"Hoteles m\u00e1s Verdes - B\u00f6den Hotel &amp; Spa, AKEN SOUL","isPartOf":{"@id":"https:\/\/bodenhotel.com\/es\/#website"},"datePublished":"2024-05-17T15:48:56+00:00","dateModified":"2026-03-27T16:05:37+00:00","breadcrumb":{"@id":"https:\/\/bodenhotel.com\/hoteles-mas-verdes\/#breadcrumb"},"inLanguage":"en-US","potentialAction":[{"@type":"ReadAction","target":["https:\/\/bodenhotel.com\/hoteles-mas-verdes\/"]}]},{"@type":"BreadcrumbList","@id":"https:\/\/bodenhotel.com\/hoteles-mas-verdes\/#breadcrumb","itemListElement":[{"@type":"ListItem","position":1,"name":"Home","item":"https:\/\/bodenhotel.com\/"},{"@type":"ListItem","position":2,"name":"Hoteles m\u00e1s Verdes"}]},{"@type":"WebSite","@id":"https:\/\/bodenhotel.com\/es\/#website","url":"https:\/\/bodenhotel.com\/es\/","name":"B\u00f6den Hotel & Spa, AKEN Soul","description":"Un destino inigualable frente a las sierras de Villa General Belgrano.","publisher":{"@id":"https:\/\/bodenhotel.com\/es\/#organization"},"alternateName":"B\u00f6den Hotel & Spa, AKEN Soul","potentialAction":[{"@type":"SearchAction","target":{"@type":"EntryPoint","urlTemplate":"https:\/\/bodenhotel.com\/es\/?s={search_term_string}"},"query-input":{"@type":"PropertyValueSpecification","valueRequired":true,"valueName":"search_term_string"}}],"inLanguage":"en-US"},{"@type":"Organization","@id":"https:\/\/bodenhotel.com\/es\/#organization","name":"B\u00f6den Hotel & SPA, AKEN Soul","alternateName":"B\u00f6den Hotel & SPA, AKEN Soul","url":"https:\/\/bodenhotel.com\/es\/","logo":{"@type":"ImageObject","inLanguage":"en-US","@id":"https:\/\/bodenhotel.com\/es\/#\/schema\/logo\/image\/","url":"https:\/\/bodenhotel.com\/wp-content\/uploads\/2023\/03\/Logo-Boden.svg","contentUrl":"https:\/\/bodenhotel.com\/wp-content\/uploads\/2023\/03\/Logo-Boden.svg","width":320,"height":162,"caption":"B\u00f6den Hotel & SPA, AKEN Soul"},"image":{"@id":"https:\/\/bodenhotel.com\/es\/#\/schema\/logo\/image\/"},"sameAs":["https:\/\/www.instagram.com\/bodenhotelakensoul\/"]}]}},"_links":{"self":[{"href":"https:\/\/bodenhotel.com\/en\/wp-json\/wp\/v2\/pages\/6394","targetHints":{"allow":["GET"]}}],"collection":[{"href":"https:\/\/bodenhotel.com\/en\/wp-json\/wp\/v2\/pages"}],"about":[{"href":"https:\/\/bodenhotel.com\/en\/wp-json\/wp\/v2\/types\/page"}],"author":[{"embeddable":true,"href":"https:\/\/bodenhotel.com\/en\/wp-json\/wp\/v2\/users\/5"}],"replies":[{"embeddable":true,"href":"https:\/\/bodenhotel.com\/en\/wp-json\/wp\/v2\/comments?post=6394"}],"version-history":[{"count":16,"href":"https:\/\/bodenhotel.com\/en\/wp-json\/wp\/v2\/pages\/6394\/revisions"}],"predecessor-version":[{"id":12402,"href":"https:\/\/bodenhotel.com\/en\/wp-json\/wp\/v2\/pages\/6394\/revisions\/12402"}],"wp:attachment":[{"href":"https:\/\/bodenhotel.com\/en\/wp-json\/wp\/v2\/media?parent=6394"}],"curies":[{"name":"wp","href":"https:\/\/api.w.org\/{rel}","templated":true}]}}