{"id":4964,"date":"2024-03-01T20:43:59","date_gmt":"2024-03-01T20:43:59","guid":{"rendered":"https:\/\/nuevo.bodenhotel.com\/?page_id=4964"},"modified":"2024-03-01T22:09:28","modified_gmt":"2024-03-01T22:09:28","slug":"politicas-de-cancelacion-2","status":"publish","type":"page","link":"https:\/\/bodenhotel.com\/es\/politicas-de-cancelacion-2\/","title":{"rendered":"Pol\u00edticas de cancelaci\u00f3n"},"content":{"rendered":"\t\t<div data-elementor-type=\"wp-page\" data-elementor-id=\"4964\" class=\"elementor elementor-4964\" data-elementor-post-type=\"page\">\n\t\t\t\t\t\t<section class=\"elementor-section elementor-top-section elementor-element elementor-element-97d6113 elementor-section-boxed elementor-section-height-default elementor-section-height-default\" data-id=\"97d6113\" data-element_type=\"section\" data-e-type=\"section\">\n\t\t\t\t\t\t<div class=\"elementor-container elementor-column-gap-default\">\n\t\t\t\t\t<div class=\"elementor-column elementor-col-100 elementor-top-column elementor-element elementor-element-51aec49\" data-id=\"51aec49\" data-element_type=\"column\" data-e-type=\"column\">\n\t\t\t<div class=\"elementor-widget-wrap elementor-element-populated\">\n\t\t\t\t\t\t<div class=\"elementor-element elementor-element-4c6bfb7 elementor-widget elementor-widget-heading\" data-id=\"4c6bfb7\" data-element_type=\"widget\" data-e-type=\"widget\" data-widget_type=\"heading.default\">\n\t\t\t\t<div class=\"elementor-widget-container\">\n\t\t\t\t\t<h2 class=\"elementor-heading-title elementor-size-default\">Pol\u00edticas de cancelaci\u00f3n<\/h2>\t\t\t\t<\/div>\n\t\t\t\t<\/div>\n\t\t\t\t<div class=\"elementor-element elementor-element-95c3ed0 elementor-widget elementor-widget-spacer\" data-id=\"95c3ed0\" data-element_type=\"widget\" data-e-type=\"widget\" data-widget_type=\"spacer.default\">\n\t\t\t\t<div class=\"elementor-widget-container\">\n\t\t\t\t\t\t\t<div class=\"elementor-spacer\">\n\t\t\t<div class=\"elementor-spacer-inner\"><\/div>\n\t\t<\/div>\n\t\t\t\t\t\t<\/div>\n\t\t\t\t<\/div>\n\t\t\t\t\t<\/div>\n\t\t<\/div>\n\t\t\t\t\t<\/div>\n\t\t<\/section>\n\t\t\t\t<section class=\"elementor-section elementor-top-section elementor-element elementor-element-302bbac elementor-section-boxed elementor-section-height-default elementor-section-height-default\" data-id=\"302bbac\" data-element_type=\"section\" data-e-type=\"section\">\n\t\t\t\t\t\t<div class=\"elementor-container elementor-column-gap-default\">\n\t\t\t\t\t<div class=\"elementor-column elementor-col-100 elementor-top-column elementor-element elementor-element-78772db\" data-id=\"78772db\" data-element_type=\"column\" data-e-type=\"column\">\n\t\t\t<div class=\"elementor-widget-wrap elementor-element-populated\">\n\t\t\t\t\t\t<div class=\"elementor-element elementor-element-194e7ec elementor-widget elementor-widget-text-editor\" data-id=\"194e7ec\" data-element_type=\"widget\" data-e-type=\"widget\" data-widget_type=\"text-editor.default\">\n\t\t\t\t<div class=\"elementor-widget-container\">\n\t\t\t\t\t\t\t\t\t<p><span style=\"font-weight: 400;\">Nuestras pol\u00edticas de cancelaci\u00f3n var\u00edan por temporada y dependiendo de la tarifa seleccionada. Por favor consulte esta informaci\u00f3n en las condiciones de su reserva.<\/span><\/p><p><i><span style=\"font-weight: 400;\">Observaciones de la tarifa y m\u00e9todos de pago:<\/span><\/i><\/p><p><span style=\"font-weight: 400;\">-Las tarifas que se indican en pesos mexicanos.<\/span><\/p><p><span style=\"font-weight: 400;\">-El pago se podr\u00e1 realizar en efectivo, transferencia bancaria o mediante tarjeta de cr\u00e9dito, VISA, MASTERCARD, AMERICAN EXPRESS.\u00a0<\/span><\/p><p><span style=\"font-weight: 400;\">-Para informar pagos por favor dirigirse al correo electr\u00f3nico:<br \/><\/span><a href=\"mailto:reservations.mindmerida@akenhotels.com\"><span style=\"font-weight: 400;\">reservations.mindmerida@akenhotels.com<\/span><\/a><span style=\"font-weight: 400;\"> \u00a0 o al -Tel: +52 999 689 2814<\/span><\/p>\t\t\t\t\t\t\t\t<\/div>\n\t\t\t\t<\/div>\n\t\t\t\t\t<\/div>\n\t\t<\/div>\n\t\t\t\t\t<\/div>\n\t\t<\/section>\n\t\t\t\t<\/div>\n\t\t","protected":false},"excerpt":{"rendered":"<p>Pol\u00edticas de cancelaci\u00f3n Nuestras pol\u00edticas de cancelaci\u00f3n var\u00edan por temporada y dependiendo de la tarifa seleccionada. Por favor consulte esta informaci\u00f3n en las condiciones de su reserva. Observaciones de la tarifa y m\u00e9todos de pago: -Las tarifas que se indican en pesos mexicanos. -El pago se podr\u00e1 realizar en efectivo, transferencia bancaria o mediante tarjeta &#8230;<\/p>\n","protected":false},"author":5,"featured_media":4304,"parent":0,"menu_order":0,"comment_status":"closed","ping_status":"closed","template":"","meta":{"inline_featured_image":false,"cozystay_single_page_hide_site_header":"","cozystay_single_page_site_header_source":"","cozystay_single_page_custom_site_header":"0","cozystay_single_page_custom_sticky_site_header":"0","cozystay_single_page_hide_page_title":"","cozystay_single_page_header_section_size":"","cozystay_single_page_header_background_color":"","cozystay_single_page_header_background_position_x":"center","cozystay_single_page_header_background_position_y":"center","cozystay_single_page_header_background_size":"cover","cozystay_single_page_header_background_repeat":"off","cozystay_single_page_header_background_scroll":"on","cozystay_single_page_header_text_color":"","cozystay_single_page_header_show_breadcrumb":"","cozystay_single_page_site_footer_hide_main":"","cozystay_single_custom_site_footer_main_source":"","cozystay_single_custom_site_footer_main":"0","cozystay_single_page_site_footer_hide_above":"","cozystay_single_custom_site_footer_above_source":"","cozystay_single_custom_site_footer_above":"0","cozystay_single_page_site_footer_hide_instagram":"","cozystay_single_page_site_footer_hide_bottom":"","cozystay_single_custom_mobile_menu_source":"","cozystay_single_custom_mobile_menu":"0","cozystay_single_custom_mobile_menu_animation":"","cozystay_single_custom_mobile_menu_width":"","cozystay_single_custom_mobile_menu_custom_width":375,"footnotes":""},"class_list":["post-4964","page","type-page","status-publish","has-post-thumbnail","hentry"],"yoast_head":"<!-- This site is optimized with the Yoast SEO plugin v27.3 - https:\/\/yoast.com\/product\/yoast-seo-wordpress\/ -->\n<title>Pol\u00edticas de cancelaci\u00f3n - B\u00f6den Hotel &amp; Spa, AKEN SOUL<\/title>\n<meta name=\"robots\" content=\"index, follow, max-snippet:-1, max-image-preview:large, max-video-preview:-1\" \/>\n<link rel=\"canonical\" href=\"https:\/\/bodenhotel.com\/es\/politicas-de-cancelacion-2\/\" \/>\n<meta property=\"og:locale\" content=\"es_ES\" \/>\n<meta property=\"og:type\" content=\"article\" \/>\n<meta property=\"og:title\" content=\"Pol\u00edticas de cancelaci\u00f3n - B\u00f6den Hotel &amp; Spa, AKEN SOUL\" \/>\n<meta property=\"og:description\" content=\"Pol\u00edticas de cancelaci\u00f3n Nuestras pol\u00edticas de cancelaci\u00f3n var\u00edan por temporada y dependiendo de la tarifa seleccionada. Por favor consulte esta informaci\u00f3n en las condiciones de su reserva. Observaciones de la tarifa y m\u00e9todos de pago: -Las tarifas que se indican en pesos mexicanos. -El pago se podr\u00e1 realizar en efectivo, transferencia bancaria o mediante tarjeta ...\" \/>\n<meta property=\"og:url\" content=\"https:\/\/bodenhotel.com\/es\/politicas-de-cancelacion-2\/\" \/>\n<meta property=\"og:site_name\" content=\"B\u00f6den Hotel &amp; Spa, AKEN SOUL\" \/>\n<meta property=\"article:publisher\" content=\"https:\/\/www.facebook.com\/bodenhotelbyaken\" \/>\n<meta property=\"article:modified_time\" content=\"2024-03-01T22:09:28+00:00\" \/>\n<meta property=\"og:image\" content=\"https:\/\/bodenhotel.com\/wp-content\/uploads\/2024\/02\/green-palm-leaves-on-the-background-of-the-pool-s-2023-11-27-05-33-43-utc.webp\" \/>\n\t<meta property=\"og:image:width\" content=\"2048\" \/>\n\t<meta property=\"og:image:height\" content=\"1166\" \/>\n\t<meta property=\"og:image:type\" content=\"image\/webp\" \/>\n<meta name=\"twitter:card\" content=\"summary_large_image\" \/>\n<meta name=\"twitter:label1\" content=\"Tiempo de lectura\" \/>\n\t<meta name=\"twitter:data1\" content=\"1 minuto\" \/>\n<script type=\"application\/ld+json\" class=\"yoast-schema-graph\">{\"@context\":\"https:\\\/\\\/schema.org\",\"@graph\":[{\"@type\":\"WebPage\",\"@id\":\"https:\\\/\\\/bodenhotel.com\\\/politicas-de-cancelacion-2\\\/\",\"url\":\"https:\\\/\\\/bodenhotel.com\\\/politicas-de-cancelacion-2\\\/\",\"name\":\"Pol\u00edticas de cancelaci\u00f3n - B\u00f6den Hotel &amp; Spa, AKEN SOUL\",\"isPartOf\":{\"@id\":\"https:\\\/\\\/bodenhotel.com\\\/es\\\/#website\"},\"primaryImageOfPage\":{\"@id\":\"https:\\\/\\\/bodenhotel.com\\\/politicas-de-cancelacion-2\\\/#primaryimage\"},\"image\":{\"@id\":\"https:\\\/\\\/bodenhotel.com\\\/politicas-de-cancelacion-2\\\/#primaryimage\"},\"thumbnailUrl\":\"https:\\\/\\\/bodenhotel.com\\\/wp-content\\\/uploads\\\/2024\\\/02\\\/green-palm-leaves-on-the-background-of-the-pool-s-2023-11-27-05-33-43-utc.webp\",\"datePublished\":\"2024-03-01T20:43:59+00:00\",\"dateModified\":\"2024-03-01T22:09:28+00:00\",\"breadcrumb\":{\"@id\":\"https:\\\/\\\/bodenhotel.com\\\/politicas-de-cancelacion-2\\\/#breadcrumb\"},\"inLanguage\":\"es\",\"potentialAction\":[{\"@type\":\"ReadAction\",\"target\":[\"https:\\\/\\\/bodenhotel.com\\\/politicas-de-cancelacion-2\\\/\"]}]},{\"@type\":\"ImageObject\",\"inLanguage\":\"es\",\"@id\":\"https:\\\/\\\/bodenhotel.com\\\/politicas-de-cancelacion-2\\\/#primaryimage\",\"url\":\"https:\\\/\\\/bodenhotel.com\\\/wp-content\\\/uploads\\\/2024\\\/02\\\/green-palm-leaves-on-the-background-of-the-pool-s-2023-11-27-05-33-43-utc.webp\",\"contentUrl\":\"https:\\\/\\\/bodenhotel.com\\\/wp-content\\\/uploads\\\/2024\\\/02\\\/green-palm-leaves-on-the-background-of-the-pool-s-2023-11-27-05-33-43-utc.webp\",\"width\":2048,\"height\":1166},{\"@type\":\"BreadcrumbList\",\"@id\":\"https:\\\/\\\/bodenhotel.com\\\/politicas-de-cancelacion-2\\\/#breadcrumb\",\"itemListElement\":[{\"@type\":\"ListItem\",\"position\":1,\"name\":\"Home\",\"item\":\"https:\\\/\\\/bodenhotel.com\\\/\"},{\"@type\":\"ListItem\",\"position\":2,\"name\":\"Pol\u00edticas de cancelaci\u00f3n\"}]},{\"@type\":\"WebSite\",\"@id\":\"https:\\\/\\\/bodenhotel.com\\\/es\\\/#website\",\"url\":\"https:\\\/\\\/bodenhotel.com\\\/es\\\/\",\"name\":\"B\u00f6den Hotel & Spa by AKEN Soul\",\"description\":\"Un destino inigualable frente a las sierras de Villa General Belgrano.\",\"publisher\":{\"@id\":\"https:\\\/\\\/bodenhotel.com\\\/es\\\/#organization\"},\"alternateName\":\"B\u00f6den Hotel & Spa by AKEN Soul\",\"potentialAction\":[{\"@type\":\"SearchAction\",\"target\":{\"@type\":\"EntryPoint\",\"urlTemplate\":\"https:\\\/\\\/bodenhotel.com\\\/es\\\/?s={search_term_string}\"},\"query-input\":{\"@type\":\"PropertyValueSpecification\",\"valueRequired\":true,\"valueName\":\"search_term_string\"}}],\"inLanguage\":\"es\"},{\"@type\":\"Organization\",\"@id\":\"https:\\\/\\\/bodenhotel.com\\\/es\\\/#organization\",\"name\":\"B\u00f6den Hotel by AKEN Soul\",\"url\":\"https:\\\/\\\/bodenhotel.com\\\/es\\\/\",\"logo\":{\"@type\":\"ImageObject\",\"inLanguage\":\"es\",\"@id\":\"https:\\\/\\\/bodenhotel.com\\\/es\\\/#\\\/schema\\\/logo\\\/image\\\/\",\"url\":\"https:\\\/\\\/bodenhotel.com\\\/wp-content\\\/uploads\\\/2023\\\/03\\\/Logo-Boden.svg\",\"contentUrl\":\"https:\\\/\\\/bodenhotel.com\\\/wp-content\\\/uploads\\\/2023\\\/03\\\/Logo-Boden.svg\",\"width\":320,\"height\":162,\"caption\":\"B\u00f6den Hotel by AKEN Soul\"},\"image\":{\"@id\":\"https:\\\/\\\/bodenhotel.com\\\/es\\\/#\\\/schema\\\/logo\\\/image\\\/\"},\"sameAs\":[\"https:\\\/\\\/www.facebook.com\\\/bodenhotelbyaken\",\"https:\\\/\\\/www.instagram.com\\\/bodenhotelbyaken\\\/\"]}]}<\/script>\n<!-- \/ Yoast SEO plugin. -->","yoast_head_json":{"title":"Pol\u00edticas de cancelaci\u00f3n - B\u00f6den Hotel &amp; Spa, AKEN SOUL","robots":{"index":"index","follow":"follow","max-snippet":"max-snippet:-1","max-image-preview":"max-image-preview:large","max-video-preview":"max-video-preview:-1"},"canonical":"https:\/\/bodenhotel.com\/es\/politicas-de-cancelacion-2\/","og_locale":"es_ES","og_type":"article","og_title":"Pol\u00edticas de cancelaci\u00f3n - B\u00f6den Hotel &amp; Spa, AKEN SOUL","og_description":"Pol\u00edticas de cancelaci\u00f3n Nuestras pol\u00edticas de cancelaci\u00f3n var\u00edan por temporada y dependiendo de la tarifa seleccionada. Por favor consulte esta informaci\u00f3n en las condiciones de su reserva. Observaciones de la tarifa y m\u00e9todos de pago: -Las tarifas que se indican en pesos mexicanos. -El pago se podr\u00e1 realizar en efectivo, transferencia bancaria o mediante tarjeta ...","og_url":"https:\/\/bodenhotel.com\/es\/politicas-de-cancelacion-2\/","og_site_name":"B\u00f6den Hotel &amp; Spa, AKEN SOUL","article_publisher":"https:\/\/www.facebook.com\/bodenhotelbyaken","article_modified_time":"2024-03-01T22:09:28+00:00","og_image":[{"width":2048,"height":1166,"url":"https:\/\/bodenhotel.com\/wp-content\/uploads\/2024\/02\/green-palm-leaves-on-the-background-of-the-pool-s-2023-11-27-05-33-43-utc.webp","type":"image\/webp"}],"twitter_card":"summary_large_image","twitter_misc":{"Tiempo de lectura":"1 minuto"},"schema":{"@context":"https:\/\/schema.org","@graph":[{"@type":"WebPage","@id":"https:\/\/bodenhotel.com\/politicas-de-cancelacion-2\/","url":"https:\/\/bodenhotel.com\/politicas-de-cancelacion-2\/","name":"Pol\u00edticas de cancelaci\u00f3n - B\u00f6den Hotel &amp; Spa, AKEN SOUL","isPartOf":{"@id":"https:\/\/bodenhotel.com\/es\/#website"},"primaryImageOfPage":{"@id":"https:\/\/bodenhotel.com\/politicas-de-cancelacion-2\/#primaryimage"},"image":{"@id":"https:\/\/bodenhotel.com\/politicas-de-cancelacion-2\/#primaryimage"},"thumbnailUrl":"https:\/\/bodenhotel.com\/wp-content\/uploads\/2024\/02\/green-palm-leaves-on-the-background-of-the-pool-s-2023-11-27-05-33-43-utc.webp","datePublished":"2024-03-01T20:43:59+00:00","dateModified":"2024-03-01T22:09:28+00:00","breadcrumb":{"@id":"https:\/\/bodenhotel.com\/politicas-de-cancelacion-2\/#breadcrumb"},"inLanguage":"es","potentialAction":[{"@type":"ReadAction","target":["https:\/\/bodenhotel.com\/politicas-de-cancelacion-2\/"]}]},{"@type":"ImageObject","inLanguage":"es","@id":"https:\/\/bodenhotel.com\/politicas-de-cancelacion-2\/#primaryimage","url":"https:\/\/bodenhotel.com\/wp-content\/uploads\/2024\/02\/green-palm-leaves-on-the-background-of-the-pool-s-2023-11-27-05-33-43-utc.webp","contentUrl":"https:\/\/bodenhotel.com\/wp-content\/uploads\/2024\/02\/green-palm-leaves-on-the-background-of-the-pool-s-2023-11-27-05-33-43-utc.webp","width":2048,"height":1166},{"@type":"BreadcrumbList","@id":"https:\/\/bodenhotel.com\/politicas-de-cancelacion-2\/#breadcrumb","itemListElement":[{"@type":"ListItem","position":1,"name":"Home","item":"https:\/\/bodenhotel.com\/"},{"@type":"ListItem","position":2,"name":"Pol\u00edticas de cancelaci\u00f3n"}]},{"@type":"WebSite","@id":"https:\/\/bodenhotel.com\/es\/#website","url":"https:\/\/bodenhotel.com\/es\/","name":"B\u00f6den Hotel & Spa by AKEN Soul","description":"Un destino inigualable frente a las sierras de Villa General Belgrano.","publisher":{"@id":"https:\/\/bodenhotel.com\/es\/#organization"},"alternateName":"B\u00f6den Hotel & Spa by AKEN Soul","potentialAction":[{"@type":"SearchAction","target":{"@type":"EntryPoint","urlTemplate":"https:\/\/bodenhotel.com\/es\/?s={search_term_string}"},"query-input":{"@type":"PropertyValueSpecification","valueRequired":true,"valueName":"search_term_string"}}],"inLanguage":"es"},{"@type":"Organization","@id":"https:\/\/bodenhotel.com\/es\/#organization","name":"B\u00f6den Hotel by AKEN Soul","url":"https:\/\/bodenhotel.com\/es\/","logo":{"@type":"ImageObject","inLanguage":"es","@id":"https:\/\/bodenhotel.com\/es\/#\/schema\/logo\/image\/","url":"https:\/\/bodenhotel.com\/wp-content\/uploads\/2023\/03\/Logo-Boden.svg","contentUrl":"https:\/\/bodenhotel.com\/wp-content\/uploads\/2023\/03\/Logo-Boden.svg","width":320,"height":162,"caption":"B\u00f6den Hotel by AKEN Soul"},"image":{"@id":"https:\/\/bodenhotel.com\/es\/#\/schema\/logo\/image\/"},"sameAs":["https:\/\/www.facebook.com\/bodenhotelbyaken","https:\/\/www.instagram.com\/bodenhotelbyaken\/"]}]}},"_links":{"self":[{"href":"https:\/\/bodenhotel.com\/es\/wp-json\/wp\/v2\/pages\/4964","targetHints":{"allow":["GET"]}}],"collection":[{"href":"https:\/\/bodenhotel.com\/es\/wp-json\/wp\/v2\/pages"}],"about":[{"href":"https:\/\/bodenhotel.com\/es\/wp-json\/wp\/v2\/types\/page"}],"author":[{"embeddable":true,"href":"https:\/\/bodenhotel.com\/es\/wp-json\/wp\/v2\/users\/5"}],"replies":[{"embeddable":true,"href":"https:\/\/bodenhotel.com\/es\/wp-json\/wp\/v2\/comments?post=4964"}],"version-history":[{"count":4,"href":"https:\/\/bodenhotel.com\/es\/wp-json\/wp\/v2\/pages\/4964\/revisions"}],"predecessor-version":[{"id":4968,"href":"https:\/\/bodenhotel.com\/es\/wp-json\/wp\/v2\/pages\/4964\/revisions\/4968"}],"wp:featuredmedia":[{"embeddable":true,"href":"https:\/\/bodenhotel.com\/es\/wp-json\/wp\/v2\/media\/4304"}],"wp:attachment":[{"href":"https:\/\/bodenhotel.com\/es\/wp-json\/wp\/v2\/media?parent=4964"}],"curies":[{"name":"wp","href":"https:\/\/api.w.org\/{rel}","templated":true}]}}