{"id":6394,"date":"2024-05-17T15:48:56","date_gmt":"2024-05-17T15:48:56","guid":{"rendered":"https:\/\/nuevo.bodenhotel.com\/?page_id=6394"},"modified":"2026-03-27T13:05:37","modified_gmt":"2026-03-27T16:05:37","slug":"hoteles-mas-verdes","status":"publish","type":"page","link":"https:\/\/bodenhotel.com\/es\/hoteles-mas-verdes\/","title":{"rendered":"Hoteles m\u00e1s Verdes"},"content":{"rendered":"\t\t<div data-elementor-type=\"wp-page\" data-elementor-id=\"6394\" class=\"elementor elementor-6394\" data-elementor-post-type=\"page\">\n\t\t\t\t\t\t<section class=\"elementor-section elementor-top-section elementor-element elementor-element-b9100d9 elementor-section-boxed elementor-section-height-default elementor-section-height-default\" data-id=\"b9100d9\" data-element_type=\"section\" data-e-type=\"section\">\n\t\t\t\t\t\t<div class=\"elementor-container elementor-column-gap-default\">\n\t\t\t\t\t<div class=\"elementor-column elementor-col-100 elementor-top-column elementor-element elementor-element-d3cb504\" data-id=\"d3cb504\" data-element_type=\"column\" data-e-type=\"column\">\n\t\t\t<div class=\"elementor-widget-wrap elementor-element-populated\">\n\t\t\t\t\t\t<div class=\"elementor-element elementor-element-cccc6cc elementor-widget elementor-widget-text-editor\" data-id=\"cccc6cc\" data-element_type=\"widget\" data-e-type=\"widget\" data-widget_type=\"text-editor.default\">\n\t\t\t\t<div class=\"elementor-widget-container\">\n\t\t\t\t\t\t\t\t\t<p>En B\u00f6den Hotel &amp; Spa, AKEN SOUL hemos sido reconocido con la Certificaci\u00f3n de Gesti\u00f3n Sustentable en el nivel de aplicaci\u00f3n BRONCE de Hoteles m\u00e1s Verdes, gracias a la gesti\u00f3n sustentable y respetuosa con el medio ambiente y socialmente responsable con la comunidad y con el destino tur\u00edstico donde nos encontramos.<\/p><p><strong>\u00bfQu\u00e9 es Hoteles m\u00e1s Verdes?<br \/><\/strong>El programa Hoteles m\u00e1s Verdes es un programa desarrollado por la Asociaci\u00f3n de hoteles de turismo de Argentina (AHT). Es un programa validado por el Instituto de Normalizaci\u00f3n y Certificaci\u00f3n (IRAM) y reconocido por el Ministerio de la Naci\u00f3n.<\/p><p>El programa ha sido reconocido por el Global Sustainable Tourism Council (GSTC) como uno de los programas de turismo sustentable m\u00e1s prestigiosos del mundo.<\/p><p><strong>\u00bfQu\u00e9 significa contar con la Certificaci\u00f3n Bronce?<\/strong><br \/>Significa que en B\u00f6den Hotel &amp; Spa by AKEN Soul cumplimos con una implementaci\u00f3n eficaz de sistema de gesti\u00f3n sustentable en todas las instalaciones y servicios ofrecidos en el hotel.<\/p><p>Entre las distintas acciones se destacan:<\/p><ul><li>Excelente atenci\u00f3n al cliente y calidad en el servicio.<\/li><li>Gastronom\u00eda de calidad, con productos org\u00e1nicos<\/li><li>Reducci\u00f3n de la generaci\u00f3n de desperdicios.<\/li><li>Amenidades de calidad, con productos responsables con el medio ambiente.<\/li><\/ul>\t\t\t\t\t\t\t\t<\/div>\n\t\t\t\t<\/div>\n\t\t\t\t\t<\/div>\n\t\t<\/div>\n\t\t\t\t\t<\/div>\n\t\t<\/section>\n\t\t\t\t<\/div>\n\t\t","protected":false},"excerpt":{"rendered":"<p>En B\u00f6den Hotel &amp; Spa, AKEN SOUL hemos sido reconocido con la Certificaci\u00f3n de Gesti\u00f3n Sustentable en el nivel de aplicaci\u00f3n BRONCE de Hoteles m\u00e1s Verdes, gracias a la gesti\u00f3n sustentable y respetuosa con el medio ambiente y socialmente responsable con la comunidad y con el destino tur\u00edstico donde nos encontramos. \u00bfQu\u00e9 es Hoteles m\u00e1s &#8230;<\/p>\n","protected":false},"author":5,"featured_media":0,"parent":0,"menu_order":0,"comment_status":"closed","ping_status":"closed","template":"","meta":{"inline_featured_image":false,"cozystay_single_page_hide_site_header":"","cozystay_single_page_site_header_source":"","cozystay_single_page_custom_site_header":"0","cozystay_single_page_custom_sticky_site_header":"0","cozystay_single_page_hide_page_title":"","cozystay_single_page_header_section_size":"","cozystay_single_page_header_background_color":"","cozystay_single_page_header_background_position_x":"center","cozystay_single_page_header_background_position_y":"center","cozystay_single_page_header_background_size":"cover","cozystay_single_page_header_background_repeat":"off","cozystay_single_page_header_background_scroll":"on","cozystay_single_page_header_text_color":"","cozystay_single_page_header_show_breadcrumb":"","cozystay_single_page_site_footer_hide_main":"","cozystay_single_custom_site_footer_main_source":"","cozystay_single_custom_site_footer_main":"0","cozystay_single_page_site_footer_hide_above":"","cozystay_single_custom_site_footer_above_source":"","cozystay_single_custom_site_footer_above":"0","cozystay_single_page_site_footer_hide_instagram":"","cozystay_single_page_site_footer_hide_bottom":"","cozystay_single_custom_mobile_menu_source":"","cozystay_single_custom_mobile_menu":"0","cozystay_single_custom_mobile_menu_animation":"","cozystay_single_custom_mobile_menu_width":"","cozystay_single_custom_mobile_menu_custom_width":375,"footnotes":""},"class_list":["post-6394","page","type-page","status-publish","hentry"],"yoast_head":"<!-- This site is optimized with the Yoast SEO plugin v27.4 - https:\/\/yoast.com\/product\/yoast-seo-wordpress\/ -->\n<title>Hoteles m\u00e1s Verdes - B\u00f6den Hotel &amp; Spa, AKEN SOUL<\/title>\n<meta name=\"robots\" content=\"index, follow, max-snippet:-1, max-image-preview:large, max-video-preview:-1\" \/>\n<link rel=\"canonical\" href=\"https:\/\/bodenhotel.com\/es\/hoteles-mas-verdes\/\" \/>\n<meta property=\"og:locale\" content=\"es_ES\" \/>\n<meta property=\"og:type\" content=\"article\" \/>\n<meta property=\"og:title\" content=\"Hoteles m\u00e1s Verdes - B\u00f6den Hotel &amp; Spa, AKEN SOUL\" \/>\n<meta property=\"og:description\" content=\"En B\u00f6den Hotel &amp; Spa, AKEN SOUL hemos sido reconocido con la Certificaci\u00f3n de Gesti\u00f3n Sustentable en el nivel de aplicaci\u00f3n BRONCE de Hoteles m\u00e1s Verdes, gracias a la gesti\u00f3n sustentable y respetuosa con el medio ambiente y socialmente responsable con la comunidad y con el destino tur\u00edstico donde nos encontramos. \u00bfQu\u00e9 es Hoteles m\u00e1s ...\" \/>\n<meta property=\"og:url\" content=\"https:\/\/bodenhotel.com\/es\/hoteles-mas-verdes\/\" \/>\n<meta property=\"og:site_name\" content=\"B\u00f6den Hotel &amp; Spa, AKEN SOUL\" \/>\n<meta property=\"article:modified_time\" content=\"2026-03-27T16:05:37+00:00\" \/>\n<meta property=\"og:image\" content=\"https:\/\/bodenhotel.com\/wp-content\/uploads\/2024\/05\/Rectangle-25-1.webp\" \/>\n\t<meta property=\"og:image:width\" content=\"1918\" \/>\n\t<meta property=\"og:image:height\" content=\"927\" \/>\n\t<meta property=\"og:image:type\" content=\"image\/webp\" \/>\n<meta name=\"twitter:card\" content=\"summary_large_image\" \/>\n<meta name=\"twitter:label1\" content=\"Tiempo de lectura\" \/>\n\t<meta name=\"twitter:data1\" content=\"1 minuto\" \/>\n<script type=\"application\/ld+json\" class=\"yoast-schema-graph\">{\"@context\":\"https:\\\/\\\/schema.org\",\"@graph\":[{\"@type\":\"WebPage\",\"@id\":\"https:\\\/\\\/bodenhotel.com\\\/hoteles-mas-verdes\\\/\",\"url\":\"https:\\\/\\\/bodenhotel.com\\\/hoteles-mas-verdes\\\/\",\"name\":\"Hoteles m\u00e1s Verdes - B\u00f6den Hotel &amp; Spa, AKEN SOUL\",\"isPartOf\":{\"@id\":\"https:\\\/\\\/bodenhotel.com\\\/es\\\/#website\"},\"datePublished\":\"2024-05-17T15:48:56+00:00\",\"dateModified\":\"2026-03-27T16:05:37+00:00\",\"breadcrumb\":{\"@id\":\"https:\\\/\\\/bodenhotel.com\\\/hoteles-mas-verdes\\\/#breadcrumb\"},\"inLanguage\":\"es\",\"potentialAction\":[{\"@type\":\"ReadAction\",\"target\":[\"https:\\\/\\\/bodenhotel.com\\\/hoteles-mas-verdes\\\/\"]}]},{\"@type\":\"BreadcrumbList\",\"@id\":\"https:\\\/\\\/bodenhotel.com\\\/hoteles-mas-verdes\\\/#breadcrumb\",\"itemListElement\":[{\"@type\":\"ListItem\",\"position\":1,\"name\":\"Home\",\"item\":\"https:\\\/\\\/bodenhotel.com\\\/\"},{\"@type\":\"ListItem\",\"position\":2,\"name\":\"Hoteles m\u00e1s Verdes\"}]},{\"@type\":\"WebSite\",\"@id\":\"https:\\\/\\\/bodenhotel.com\\\/es\\\/#website\",\"url\":\"https:\\\/\\\/bodenhotel.com\\\/es\\\/\",\"name\":\"B\u00f6den Hotel & Spa, AKEN Soul\",\"description\":\"Un destino inigualable frente a las sierras de Villa General Belgrano.\",\"publisher\":{\"@id\":\"https:\\\/\\\/bodenhotel.com\\\/es\\\/#organization\"},\"alternateName\":\"B\u00f6den Hotel & Spa, AKEN Soul\",\"potentialAction\":[{\"@type\":\"SearchAction\",\"target\":{\"@type\":\"EntryPoint\",\"urlTemplate\":\"https:\\\/\\\/bodenhotel.com\\\/es\\\/?s={search_term_string}\"},\"query-input\":{\"@type\":\"PropertyValueSpecification\",\"valueRequired\":true,\"valueName\":\"search_term_string\"}}],\"inLanguage\":\"es\"},{\"@type\":\"Organization\",\"@id\":\"https:\\\/\\\/bodenhotel.com\\\/es\\\/#organization\",\"name\":\"B\u00f6den Hotel & SPA, AKEN Soul\",\"alternateName\":\"B\u00f6den Hotel & SPA, AKEN Soul\",\"url\":\"https:\\\/\\\/bodenhotel.com\\\/es\\\/\",\"logo\":{\"@type\":\"ImageObject\",\"inLanguage\":\"es\",\"@id\":\"https:\\\/\\\/bodenhotel.com\\\/es\\\/#\\\/schema\\\/logo\\\/image\\\/\",\"url\":\"https:\\\/\\\/bodenhotel.com\\\/wp-content\\\/uploads\\\/2023\\\/03\\\/Logo-Boden.svg\",\"contentUrl\":\"https:\\\/\\\/bodenhotel.com\\\/wp-content\\\/uploads\\\/2023\\\/03\\\/Logo-Boden.svg\",\"width\":320,\"height\":162,\"caption\":\"B\u00f6den Hotel & SPA, AKEN Soul\"},\"image\":{\"@id\":\"https:\\\/\\\/bodenhotel.com\\\/es\\\/#\\\/schema\\\/logo\\\/image\\\/\"},\"sameAs\":[\"https:\\\/\\\/www.instagram.com\\\/bodenhotelakensoul\\\/\"]}]}<\/script>\n<!-- \/ Yoast SEO plugin. -->","yoast_head_json":{"title":"Hoteles m\u00e1s Verdes - B\u00f6den Hotel &amp; Spa, AKEN SOUL","robots":{"index":"index","follow":"follow","max-snippet":"max-snippet:-1","max-image-preview":"max-image-preview:large","max-video-preview":"max-video-preview:-1"},"canonical":"https:\/\/bodenhotel.com\/es\/hoteles-mas-verdes\/","og_locale":"es_ES","og_type":"article","og_title":"Hoteles m\u00e1s Verdes - B\u00f6den Hotel &amp; Spa, AKEN SOUL","og_description":"En B\u00f6den Hotel &amp; Spa, AKEN SOUL hemos sido reconocido con la Certificaci\u00f3n de Gesti\u00f3n Sustentable en el nivel de aplicaci\u00f3n BRONCE de Hoteles m\u00e1s Verdes, gracias a la gesti\u00f3n sustentable y respetuosa con el medio ambiente y socialmente responsable con la comunidad y con el destino tur\u00edstico donde nos encontramos. \u00bfQu\u00e9 es Hoteles m\u00e1s ...","og_url":"https:\/\/bodenhotel.com\/es\/hoteles-mas-verdes\/","og_site_name":"B\u00f6den Hotel &amp; Spa, AKEN SOUL","article_modified_time":"2026-03-27T16:05:37+00:00","og_image":[{"width":1918,"height":927,"url":"https:\/\/bodenhotel.com\/wp-content\/uploads\/2024\/05\/Rectangle-25-1.webp","type":"image\/webp"}],"twitter_card":"summary_large_image","twitter_misc":{"Tiempo de lectura":"1 minuto"},"schema":{"@context":"https:\/\/schema.org","@graph":[{"@type":"WebPage","@id":"https:\/\/bodenhotel.com\/hoteles-mas-verdes\/","url":"https:\/\/bodenhotel.com\/hoteles-mas-verdes\/","name":"Hoteles m\u00e1s Verdes - B\u00f6den Hotel &amp; Spa, AKEN SOUL","isPartOf":{"@id":"https:\/\/bodenhotel.com\/es\/#website"},"datePublished":"2024-05-17T15:48:56+00:00","dateModified":"2026-03-27T16:05:37+00:00","breadcrumb":{"@id":"https:\/\/bodenhotel.com\/hoteles-mas-verdes\/#breadcrumb"},"inLanguage":"es","potentialAction":[{"@type":"ReadAction","target":["https:\/\/bodenhotel.com\/hoteles-mas-verdes\/"]}]},{"@type":"BreadcrumbList","@id":"https:\/\/bodenhotel.com\/hoteles-mas-verdes\/#breadcrumb","itemListElement":[{"@type":"ListItem","position":1,"name":"Home","item":"https:\/\/bodenhotel.com\/"},{"@type":"ListItem","position":2,"name":"Hoteles m\u00e1s Verdes"}]},{"@type":"WebSite","@id":"https:\/\/bodenhotel.com\/es\/#website","url":"https:\/\/bodenhotel.com\/es\/","name":"B\u00f6den Hotel & Spa, AKEN Soul","description":"Un destino inigualable frente a las sierras de Villa General Belgrano.","publisher":{"@id":"https:\/\/bodenhotel.com\/es\/#organization"},"alternateName":"B\u00f6den Hotel & Spa, AKEN Soul","potentialAction":[{"@type":"SearchAction","target":{"@type":"EntryPoint","urlTemplate":"https:\/\/bodenhotel.com\/es\/?s={search_term_string}"},"query-input":{"@type":"PropertyValueSpecification","valueRequired":true,"valueName":"search_term_string"}}],"inLanguage":"es"},{"@type":"Organization","@id":"https:\/\/bodenhotel.com\/es\/#organization","name":"B\u00f6den Hotel & SPA, AKEN Soul","alternateName":"B\u00f6den Hotel & SPA, AKEN Soul","url":"https:\/\/bodenhotel.com\/es\/","logo":{"@type":"ImageObject","inLanguage":"es","@id":"https:\/\/bodenhotel.com\/es\/#\/schema\/logo\/image\/","url":"https:\/\/bodenhotel.com\/wp-content\/uploads\/2023\/03\/Logo-Boden.svg","contentUrl":"https:\/\/bodenhotel.com\/wp-content\/uploads\/2023\/03\/Logo-Boden.svg","width":320,"height":162,"caption":"B\u00f6den Hotel & SPA, AKEN Soul"},"image":{"@id":"https:\/\/bodenhotel.com\/es\/#\/schema\/logo\/image\/"},"sameAs":["https:\/\/www.instagram.com\/bodenhotelakensoul\/"]}]}},"_links":{"self":[{"href":"https:\/\/bodenhotel.com\/es\/wp-json\/wp\/v2\/pages\/6394","targetHints":{"allow":["GET"]}}],"collection":[{"href":"https:\/\/bodenhotel.com\/es\/wp-json\/wp\/v2\/pages"}],"about":[{"href":"https:\/\/bodenhotel.com\/es\/wp-json\/wp\/v2\/types\/page"}],"author":[{"embeddable":true,"href":"https:\/\/bodenhotel.com\/es\/wp-json\/wp\/v2\/users\/5"}],"replies":[{"embeddable":true,"href":"https:\/\/bodenhotel.com\/es\/wp-json\/wp\/v2\/comments?post=6394"}],"version-history":[{"count":16,"href":"https:\/\/bodenhotel.com\/es\/wp-json\/wp\/v2\/pages\/6394\/revisions"}],"predecessor-version":[{"id":12402,"href":"https:\/\/bodenhotel.com\/es\/wp-json\/wp\/v2\/pages\/6394\/revisions\/12402"}],"wp:attachment":[{"href":"https:\/\/bodenhotel.com\/es\/wp-json\/wp\/v2\/media?parent=6394"}],"curies":[{"name":"wp","href":"https:\/\/api.w.org\/{rel}","templated":true}]}}