{"id":8365,"date":"2024-07-29T16:09:51","date_gmt":"2024-07-29T16:09:51","guid":{"rendered":"https:\/\/bodenhotel.com\/?page_id=8365"},"modified":"2026-02-26T10:27:25","modified_gmt":"2026-02-26T13:27:25","slug":"social-media","status":"publish","type":"page","link":"https:\/\/bodenhotel.com\/es\/social-media\/","title":{"rendered":"Social media"},"content":{"rendered":"\t\t<div data-elementor-type=\"wp-page\" data-elementor-id=\"8365\" class=\"elementor elementor-8365\" data-elementor-post-type=\"page\">\n\t\t\t\t\t\t<section class=\"elementor-section elementor-top-section elementor-element elementor-element-0f065dc elementor-section-height-full elementor-section-boxed elementor-section-height-default elementor-section-items-middle\" data-id=\"0f065dc\" data-element_type=\"section\" data-e-type=\"section\" data-settings=\"{&quot;background_background&quot;:&quot;classic&quot;}\">\n\t\t\t\t\t\t<div class=\"elementor-container elementor-column-gap-default\">\n\t\t\t\t\t<div class=\"elementor-column elementor-col-100 elementor-top-column elementor-element elementor-element-55cbf82\" data-id=\"55cbf82\" data-element_type=\"column\" data-e-type=\"column\">\n\t\t\t<div class=\"elementor-widget-wrap elementor-element-populated\">\n\t\t\t\t\t\t<section class=\"elementor-section elementor-inner-section elementor-element elementor-element-17e62e5 elementor-section-boxed elementor-section-height-default elementor-section-height-default\" data-id=\"17e62e5\" data-element_type=\"section\" data-e-type=\"section\">\n\t\t\t\t\t\t<div class=\"elementor-container elementor-column-gap-default\">\n\t\t\t\t\t<div class=\"elementor-column elementor-col-50 elementor-inner-column elementor-element elementor-element-42c2884\" data-id=\"42c2884\" data-element_type=\"column\" data-e-type=\"column\">\n\t\t\t<div class=\"elementor-widget-wrap elementor-element-populated\">\n\t\t\t\t\t\t<div class=\"elementor-element elementor-element-43320d5 elementor-widget elementor-widget-image\" data-id=\"43320d5\" data-element_type=\"widget\" data-e-type=\"widget\" data-widget_type=\"image.default\">\n\t\t\t\t<div class=\"elementor-widget-container\">\n\t\t\t\t\t\t\t\t\t\t\t\t\t\t\t<img decoding=\"async\" width=\"200\" height=\"96\" class=\"attachment-large size-large wp-image-10443\" alt=\"\" src=\"https:\/\/bodenhotel.com\/wp-content\/uploads\/2023\/03\/LOGO-HOME.svg\" \/>\t\t\t\t\t\t\t\t\t\t\t\t\t\t\t<\/div>\n\t\t\t\t<\/div>\n\t\t\t\t\t<\/div>\n\t\t<\/div>\n\t\t\t\t<div class=\"elementor-column elementor-col-50 elementor-inner-column elementor-element elementor-element-cb4d391\" data-id=\"cb4d391\" data-element_type=\"column\" data-e-type=\"column\">\n\t\t\t<div class=\"elementor-widget-wrap elementor-element-populated\">\n\t\t\t\t\t\t<div class=\"elementor-element elementor-element-b297678 elementor-widget elementor-widget-image\" data-id=\"b297678\" data-element_type=\"widget\" data-e-type=\"widget\" data-widget_type=\"image.default\">\n\t\t\t\t<div class=\"elementor-widget-container\">\n\t\t\t\t\t\t\t\t\t\t\t\t\t\t\t<img fetchpriority=\"high\" decoding=\"async\" width=\"200\" height=\"255\" class=\"attachment-large size-large wp-image-8368\" alt=\"\" src=\"https:\/\/bodenhotel.com\/wp-content\/uploads\/2024\/07\/LOGO-AKEN-web-1.svg\" \/>\t\t\t\t\t\t\t\t\t\t\t\t\t\t\t<\/div>\n\t\t\t\t<\/div>\n\t\t\t\t\t<\/div>\n\t\t<\/div>\n\t\t\t\t\t<\/div>\n\t\t<\/section>\n\t\t\t\t<div class=\"elementor-element elementor-element-e632f80 elementor-widget elementor-widget-spacer\" data-id=\"e632f80\" data-element_type=\"widget\" data-e-type=\"widget\" data-widget_type=\"spacer.default\">\n\t\t\t\t<div class=\"elementor-widget-container\">\n\t\t\t\t\t\t\t<div class=\"elementor-spacer\">\n\t\t\t<div class=\"elementor-spacer-inner\"><\/div>\n\t\t<\/div>\n\t\t\t\t\t\t<\/div>\n\t\t\t\t<\/div>\n\t\t\t\t<section class=\"elementor-section elementor-inner-section elementor-element elementor-element-a5e7ff5 elementor-section-boxed elementor-section-height-default elementor-section-height-default\" data-id=\"a5e7ff5\" data-element_type=\"section\" data-e-type=\"section\">\n\t\t\t\t\t\t<div class=\"elementor-container elementor-column-gap-default\">\n\t\t\t\t\t<div class=\"elementor-column elementor-col-100 elementor-inner-column elementor-element elementor-element-5c6e3a4\" data-id=\"5c6e3a4\" data-element_type=\"column\" data-e-type=\"column\">\n\t\t\t<div class=\"elementor-widget-wrap elementor-element-populated\">\n\t\t\t\t\t\t<div class=\"elementor-element elementor-element-eb34afa elementor-widget elementor-widget-heading\" data-id=\"eb34afa\" data-element_type=\"widget\" data-e-type=\"widget\" data-widget_type=\"heading.default\">\n\t\t\t\t<div class=\"elementor-widget-container\">\n\t\t\t\t\t<h2 class=\"elementor-heading-title elementor-size-default\">YOUR BEST MEMORIES START HERE<\/h2>\t\t\t\t<\/div>\n\t\t\t\t<\/div>\n\t\t\t\t<div class=\"elementor-element elementor-element-9ae4d5a elementor-align-justify elementor-widget elementor-widget-button\" data-id=\"9ae4d5a\" data-element_type=\"widget\" data-e-type=\"widget\" data-widget_type=\"button.default\">\n\t\t\t\t<div class=\"elementor-widget-container\">\n\t\t\t\t\t\t\t\t\t<div class=\"elementor-button-wrapper\">\n\t\t\t\t\t<a class=\"elementor-button elementor-button-link elementor-size-sm elementor-animation-grow\" href=\"https:\/\/booking.roomcloud.net\/be\/se2\/hotel.jsp?hotel=15127&#038;_gl=1*dcv9gr*_gcl_au*MTQ0MzgyNjMzNi4xNzE3NTQyNDMwLjY3MDYyNzM4Mi4xNzIyMjgxMDQyLjE3MjIyODI3MDQ.*_ga*MTYxMzY2NzgwMi4xNzE3NTQyNDMx*_ga_06E6S216PF*MTcyMjI4MjUxNy4zMC4xLjE3MjIyODI2NzIuMzguMC4xMTY2OTAyOTAz\">\n\t\t\t\t\t\t<span class=\"elementor-button-content-wrapper\">\n\t\t\t\t\t\t\t\t\t<span class=\"elementor-button-text\">HAC\u00c9 TU RESERVA<\/span>\n\t\t\t\t\t<\/span>\n\t\t\t\t\t<\/a>\n\t\t\t\t<\/div>\n\t\t\t\t\t\t\t\t<\/div>\n\t\t\t\t<\/div>\n\t\t\t\t<div class=\"elementor-element elementor-element-6495b89 elementor-align-justify elementor-widget elementor-widget-button\" data-id=\"6495b89\" data-element_type=\"widget\" data-e-type=\"widget\" data-widget_type=\"button.default\">\n\t\t\t\t<div class=\"elementor-widget-container\">\n\t\t\t\t\t\t\t\t\t<div class=\"elementor-button-wrapper\">\n\t\t\t\t\t<a class=\"elementor-button elementor-button-link elementor-size-sm elementor-animation-grow\" href=\"https:\/\/web.whatsapp.com\/send?phone=5493546566225\">\n\t\t\t\t\t\t<span class=\"elementor-button-content-wrapper\">\n\t\t\t\t\t\t\t\t\t<span class=\"elementor-button-text\">WHATSAPP<\/span>\n\t\t\t\t\t<\/span>\n\t\t\t\t\t<\/a>\n\t\t\t\t<\/div>\n\t\t\t\t\t\t\t\t<\/div>\n\t\t\t\t<\/div>\n\t\t\t\t<div class=\"elementor-element elementor-element-235a20d elementor-align-justify elementor-widget elementor-widget-button\" data-id=\"235a20d\" data-element_type=\"widget\" data-e-type=\"widget\" data-widget_type=\"button.default\">\n\t\t\t\t<div class=\"elementor-widget-container\">\n\t\t\t\t\t\t\t\t\t<div class=\"elementor-button-wrapper\">\n\t\t\t\t\t<a class=\"elementor-button elementor-button-link elementor-size-sm elementor-animation-grow\" href=\"https:\/\/bodenhotel.com\/es\/promociones\/\">\n\t\t\t\t\t\t<span class=\"elementor-button-content-wrapper\">\n\t\t\t\t\t\t\t\t\t<span class=\"elementor-button-text\">PROMOCIONES<\/span>\n\t\t\t\t\t<\/span>\n\t\t\t\t\t<\/a>\n\t\t\t\t<\/div>\n\t\t\t\t\t\t\t\t<\/div>\n\t\t\t\t<\/div>\n\t\t\t\t<div class=\"elementor-element elementor-element-64d7745 elementor-align-justify elementor-widget elementor-widget-button\" data-id=\"64d7745\" data-element_type=\"widget\" data-e-type=\"widget\" data-widget_type=\"button.default\">\n\t\t\t\t<div class=\"elementor-widget-container\">\n\t\t\t\t\t\t\t\t\t<div class=\"elementor-button-wrapper\">\n\t\t\t\t\t<a class=\"elementor-button elementor-button-link elementor-size-sm elementor-animation-grow\" href=\"https:\/\/bodenhotel.com\/es\/spa\/\">\n\t\t\t\t\t\t<span class=\"elementor-button-content-wrapper\">\n\t\t\t\t\t\t\t\t\t<span class=\"elementor-button-text\">AKEN SPA &amp; WELLNESS<\/span>\n\t\t\t\t\t<\/span>\n\t\t\t\t\t<\/a>\n\t\t\t\t<\/div>\n\t\t\t\t\t\t\t\t<\/div>\n\t\t\t\t<\/div>\n\t\t\t\t<div class=\"elementor-element elementor-element-d1ccd7b elementor-align-justify elementor-widget elementor-widget-button\" data-id=\"d1ccd7b\" data-element_type=\"widget\" data-e-type=\"widget\" data-widget_type=\"button.default\">\n\t\t\t\t<div class=\"elementor-widget-container\">\n\t\t\t\t\t\t\t\t\t<div class=\"elementor-button-wrapper\">\n\t\t\t\t\t<a class=\"elementor-button elementor-button-link elementor-size-sm elementor-animation-grow\" href=\"https:\/\/bodenhotel.com\/es\/gastronomia\/\">\n\t\t\t\t\t\t<span class=\"elementor-button-content-wrapper\">\n\t\t\t\t\t\t\t\t\t<span class=\"elementor-button-text\">GASTRONOM\u00cdA<\/span>\n\t\t\t\t\t<\/span>\n\t\t\t\t\t<\/a>\n\t\t\t\t<\/div>\n\t\t\t\t\t\t\t\t<\/div>\n\t\t\t\t<\/div>\n\t\t\t\t<div class=\"elementor-element elementor-element-d435a6e elementor-align-justify elementor-widget elementor-widget-button\" data-id=\"d435a6e\" data-element_type=\"widget\" data-e-type=\"widget\" data-widget_type=\"button.default\">\n\t\t\t\t<div class=\"elementor-widget-container\">\n\t\t\t\t\t\t\t\t\t<div class=\"elementor-button-wrapper\">\n\t\t\t\t\t<a class=\"elementor-button elementor-button-link elementor-size-sm elementor-animation-grow\" href=\"https:\/\/maps.app.goo.gl\/371pto1CzMaBqCPDA\">\n\t\t\t\t\t\t<span class=\"elementor-button-content-wrapper\">\n\t\t\t\t\t\t\t\t\t<span class=\"elementor-button-text\">C\u00d3MO LLEGAR<\/span>\n\t\t\t\t\t<\/span>\n\t\t\t\t\t<\/a>\n\t\t\t\t<\/div>\n\t\t\t\t\t\t\t\t<\/div>\n\t\t\t\t<\/div>\n\t\t\t\t<div class=\"elementor-element elementor-element-17130f9 elementor-align-justify elementor-widget elementor-widget-button\" data-id=\"17130f9\" data-element_type=\"widget\" data-e-type=\"widget\" data-widget_type=\"button.default\">\n\t\t\t\t<div class=\"elementor-widget-container\">\n\t\t\t\t\t\t\t\t\t<div class=\"elementor-button-wrapper\">\n\t\t\t\t\t<a class=\"elementor-button elementor-button-link elementor-size-sm elementor-animation-grow\" href=\"https:\/\/bodenhotel.com\/\">\n\t\t\t\t\t\t<span class=\"elementor-button-content-wrapper\">\n\t\t\t\t\t\t\t\t\t<span class=\"elementor-button-text\">VISITA NUESTRA WEB <\/span>\n\t\t\t\t\t<\/span>\n\t\t\t\t\t<\/a>\n\t\t\t\t<\/div>\n\t\t\t\t\t\t\t\t<\/div>\n\t\t\t\t<\/div>\n\t\t\t\t<div class=\"elementor-element elementor-element-c932f21 elementor-widget elementor-widget-spacer\" data-id=\"c932f21\" data-element_type=\"widget\" data-e-type=\"widget\" data-widget_type=\"spacer.default\">\n\t\t\t\t<div class=\"elementor-widget-container\">\n\t\t\t\t\t\t\t<div class=\"elementor-spacer\">\n\t\t\t<div class=\"elementor-spacer-inner\"><\/div>\n\t\t<\/div>\n\t\t\t\t\t\t<\/div>\n\t\t\t\t<\/div>\n\t\t\t\t\t<\/div>\n\t\t<\/div>\n\t\t\t\t\t<\/div>\n\t\t<\/section>\n\t\t\t\t<div class=\"elementor-element elementor-element-a464cb2 elementor-widget elementor-widget-spacer\" data-id=\"a464cb2\" data-element_type=\"widget\" data-e-type=\"widget\" data-widget_type=\"spacer.default\">\n\t\t\t\t<div class=\"elementor-widget-container\">\n\t\t\t\t\t\t\t<div class=\"elementor-spacer\">\n\t\t\t<div class=\"elementor-spacer-inner\"><\/div>\n\t\t<\/div>\n\t\t\t\t\t\t<\/div>\n\t\t\t\t<\/div>\n\t\t\t\t\t<\/div>\n\t\t<\/div>\n\t\t\t\t\t<\/div>\n\t\t<\/section>\n\t\t\t\t<\/div>\n\t\t","protected":false},"excerpt":{"rendered":"<p>YOUR BEST MEMORIES START HERE HAC\u00c9 TU RESERVA WHATSAPP PROMOCIONES AKEN SPA &amp; WELLNESS GASTRONOM\u00cdA C\u00d3MO LLEGAR VISITA NUESTRA WEB<\/p>\n","protected":false},"author":6,"featured_media":11573,"parent":0,"menu_order":0,"comment_status":"closed","ping_status":"closed","template":"elementor_canvas","meta":{"inline_featured_image":false,"cozystay_single_page_hide_site_header":"","cozystay_single_page_site_header_source":"","cozystay_single_page_custom_site_header":"0","cozystay_single_page_custom_sticky_site_header":"0","cozystay_single_page_hide_page_title":"","cozystay_single_page_header_section_size":"","cozystay_single_page_header_background_color":"","cozystay_single_page_header_background_position_x":"center","cozystay_single_page_header_background_position_y":"center","cozystay_single_page_header_background_size":"cover","cozystay_single_page_header_background_repeat":"off","cozystay_single_page_header_background_scroll":"on","cozystay_single_page_header_text_color":"","cozystay_single_page_header_show_breadcrumb":"","cozystay_single_page_site_footer_hide_main":"","cozystay_single_custom_site_footer_main_source":"","cozystay_single_custom_site_footer_main":"0","cozystay_single_page_site_footer_hide_above":"","cozystay_single_custom_site_footer_above_source":"","cozystay_single_custom_site_footer_above":"0","cozystay_single_page_site_footer_hide_instagram":"","cozystay_single_page_site_footer_hide_bottom":"","cozystay_single_custom_mobile_menu_source":"","cozystay_single_custom_mobile_menu":"0","cozystay_single_custom_mobile_menu_animation":"","cozystay_single_custom_mobile_menu_width":"","cozystay_single_custom_mobile_menu_custom_width":375,"footnotes":""},"class_list":["post-8365","page","type-page","status-publish","has-post-thumbnail","hentry"],"yoast_head":"<!-- This site is optimized with the Yoast SEO plugin v27.5 - https:\/\/yoast.com\/product\/yoast-seo-wordpress\/ -->\n<title>Social media - B\u00f6den Hotel &amp; Spa, AKEN SOUL<\/title>\n<meta name=\"robots\" content=\"index, follow, max-snippet:-1, max-image-preview:large, max-video-preview:-1\" \/>\n<link rel=\"canonical\" href=\"https:\/\/bodenhotel.com\/es\/social-media\/\" \/>\n<meta property=\"og:locale\" content=\"es_ES\" \/>\n<meta property=\"og:type\" content=\"article\" \/>\n<meta property=\"og:title\" content=\"Social media - B\u00f6den Hotel &amp; Spa, AKEN SOUL\" \/>\n<meta property=\"og:description\" content=\"YOUR BEST MEMORIES START HERE HAC\u00c9 TU RESERVA WHATSAPP PROMOCIONES AKEN SPA &amp; WELLNESS GASTRONOM\u00cdA C\u00d3MO LLEGAR VISITA NUESTRA WEB\" \/>\n<meta property=\"og:url\" content=\"https:\/\/bodenhotel.com\/es\/social-media\/\" \/>\n<meta property=\"og:site_name\" content=\"B\u00f6den Hotel &amp; Spa, AKEN SOUL\" \/>\n<meta property=\"article:modified_time\" content=\"2026-02-26T13:27:25+00:00\" \/>\n<meta property=\"og:image\" content=\"https:\/\/bodenhotel.com\/wp-content\/uploads\/2026\/01\/5-3-1-scaled.webp\" \/>\n\t<meta property=\"og:image:width\" content=\"2560\" \/>\n\t<meta property=\"og:image:height\" content=\"1295\" \/>\n\t<meta property=\"og:image:type\" content=\"image\/webp\" \/>\n<meta name=\"twitter:card\" content=\"summary_large_image\" \/>\n<meta name=\"twitter:label1\" content=\"Tiempo de lectura\" \/>\n\t<meta name=\"twitter:data1\" content=\"1 minuto\" \/>\n<script type=\"application\/ld+json\" class=\"yoast-schema-graph\">{\"@context\":\"https:\\\/\\\/schema.org\",\"@graph\":[{\"@type\":\"WebPage\",\"@id\":\"https:\\\/\\\/bodenhotel.com\\\/social-media\\\/\",\"url\":\"https:\\\/\\\/bodenhotel.com\\\/social-media\\\/\",\"name\":\"Social media - B\u00f6den Hotel &amp; Spa, AKEN SOUL\",\"isPartOf\":{\"@id\":\"https:\\\/\\\/bodenhotel.com\\\/es\\\/#website\"},\"primaryImageOfPage\":{\"@id\":\"https:\\\/\\\/bodenhotel.com\\\/social-media\\\/#primaryimage\"},\"image\":{\"@id\":\"https:\\\/\\\/bodenhotel.com\\\/social-media\\\/#primaryimage\"},\"thumbnailUrl\":\"https:\\\/\\\/bodenhotel.com\\\/wp-content\\\/uploads\\\/2026\\\/01\\\/5-3-1-scaled.webp\",\"datePublished\":\"2024-07-29T16:09:51+00:00\",\"dateModified\":\"2026-02-26T13:27:25+00:00\",\"breadcrumb\":{\"@id\":\"https:\\\/\\\/bodenhotel.com\\\/social-media\\\/#breadcrumb\"},\"inLanguage\":\"es\",\"potentialAction\":[{\"@type\":\"ReadAction\",\"target\":[\"https:\\\/\\\/bodenhotel.com\\\/social-media\\\/\"]}]},{\"@type\":\"ImageObject\",\"inLanguage\":\"es\",\"@id\":\"https:\\\/\\\/bodenhotel.com\\\/social-media\\\/#primaryimage\",\"url\":\"https:\\\/\\\/bodenhotel.com\\\/wp-content\\\/uploads\\\/2026\\\/01\\\/5-3-1-scaled.webp\",\"contentUrl\":\"https:\\\/\\\/bodenhotel.com\\\/wp-content\\\/uploads\\\/2026\\\/01\\\/5-3-1-scaled.webp\",\"width\":2560,\"height\":1295},{\"@type\":\"BreadcrumbList\",\"@id\":\"https:\\\/\\\/bodenhotel.com\\\/social-media\\\/#breadcrumb\",\"itemListElement\":[{\"@type\":\"ListItem\",\"position\":1,\"name\":\"Home\",\"item\":\"https:\\\/\\\/bodenhotel.com\\\/\"},{\"@type\":\"ListItem\",\"position\":2,\"name\":\"Social media\"}]},{\"@type\":\"WebSite\",\"@id\":\"https:\\\/\\\/bodenhotel.com\\\/es\\\/#website\",\"url\":\"https:\\\/\\\/bodenhotel.com\\\/es\\\/\",\"name\":\"B\u00f6den Hotel & Spa, AKEN Soul\",\"description\":\"Un destino inigualable frente a las sierras de Villa General Belgrano.\",\"publisher\":{\"@id\":\"https:\\\/\\\/bodenhotel.com\\\/es\\\/#organization\"},\"alternateName\":\"B\u00f6den Hotel & Spa, AKEN Soul\",\"potentialAction\":[{\"@type\":\"SearchAction\",\"target\":{\"@type\":\"EntryPoint\",\"urlTemplate\":\"https:\\\/\\\/bodenhotel.com\\\/es\\\/?s={search_term_string}\"},\"query-input\":{\"@type\":\"PropertyValueSpecification\",\"valueRequired\":true,\"valueName\":\"search_term_string\"}}],\"inLanguage\":\"es\"},{\"@type\":\"Organization\",\"@id\":\"https:\\\/\\\/bodenhotel.com\\\/es\\\/#organization\",\"name\":\"B\u00f6den Hotel & SPA, AKEN Soul\",\"alternateName\":\"B\u00f6den Hotel & SPA, AKEN Soul\",\"url\":\"https:\\\/\\\/bodenhotel.com\\\/es\\\/\",\"logo\":{\"@type\":\"ImageObject\",\"inLanguage\":\"es\",\"@id\":\"https:\\\/\\\/bodenhotel.com\\\/es\\\/#\\\/schema\\\/logo\\\/image\\\/\",\"url\":\"https:\\\/\\\/bodenhotel.com\\\/wp-content\\\/uploads\\\/2023\\\/03\\\/Logo-Boden.svg\",\"contentUrl\":\"https:\\\/\\\/bodenhotel.com\\\/wp-content\\\/uploads\\\/2023\\\/03\\\/Logo-Boden.svg\",\"width\":320,\"height\":162,\"caption\":\"B\u00f6den Hotel & SPA, AKEN Soul\"},\"image\":{\"@id\":\"https:\\\/\\\/bodenhotel.com\\\/es\\\/#\\\/schema\\\/logo\\\/image\\\/\"},\"sameAs\":[\"https:\\\/\\\/www.instagram.com\\\/bodenhotelakensoul\\\/\"]}]}<\/script>\n<!-- \/ Yoast SEO plugin. -->","yoast_head_json":{"title":"Social media - B\u00f6den Hotel &amp; Spa, AKEN SOUL","robots":{"index":"index","follow":"follow","max-snippet":"max-snippet:-1","max-image-preview":"max-image-preview:large","max-video-preview":"max-video-preview:-1"},"canonical":"https:\/\/bodenhotel.com\/es\/social-media\/","og_locale":"es_ES","og_type":"article","og_title":"Social media - B\u00f6den Hotel &amp; Spa, AKEN SOUL","og_description":"YOUR BEST MEMORIES START HERE HAC\u00c9 TU RESERVA WHATSAPP PROMOCIONES AKEN SPA &amp; WELLNESS GASTRONOM\u00cdA C\u00d3MO LLEGAR VISITA NUESTRA WEB","og_url":"https:\/\/bodenhotel.com\/es\/social-media\/","og_site_name":"B\u00f6den Hotel &amp; Spa, AKEN SOUL","article_modified_time":"2026-02-26T13:27:25+00:00","og_image":[{"width":2560,"height":1295,"url":"https:\/\/bodenhotel.com\/wp-content\/uploads\/2026\/01\/5-3-1-scaled.webp","type":"image\/webp"}],"twitter_card":"summary_large_image","twitter_misc":{"Tiempo de lectura":"1 minuto"},"schema":{"@context":"https:\/\/schema.org","@graph":[{"@type":"WebPage","@id":"https:\/\/bodenhotel.com\/social-media\/","url":"https:\/\/bodenhotel.com\/social-media\/","name":"Social media - B\u00f6den Hotel &amp; Spa, AKEN SOUL","isPartOf":{"@id":"https:\/\/bodenhotel.com\/es\/#website"},"primaryImageOfPage":{"@id":"https:\/\/bodenhotel.com\/social-media\/#primaryimage"},"image":{"@id":"https:\/\/bodenhotel.com\/social-media\/#primaryimage"},"thumbnailUrl":"https:\/\/bodenhotel.com\/wp-content\/uploads\/2026\/01\/5-3-1-scaled.webp","datePublished":"2024-07-29T16:09:51+00:00","dateModified":"2026-02-26T13:27:25+00:00","breadcrumb":{"@id":"https:\/\/bodenhotel.com\/social-media\/#breadcrumb"},"inLanguage":"es","potentialAction":[{"@type":"ReadAction","target":["https:\/\/bodenhotel.com\/social-media\/"]}]},{"@type":"ImageObject","inLanguage":"es","@id":"https:\/\/bodenhotel.com\/social-media\/#primaryimage","url":"https:\/\/bodenhotel.com\/wp-content\/uploads\/2026\/01\/5-3-1-scaled.webp","contentUrl":"https:\/\/bodenhotel.com\/wp-content\/uploads\/2026\/01\/5-3-1-scaled.webp","width":2560,"height":1295},{"@type":"BreadcrumbList","@id":"https:\/\/bodenhotel.com\/social-media\/#breadcrumb","itemListElement":[{"@type":"ListItem","position":1,"name":"Home","item":"https:\/\/bodenhotel.com\/"},{"@type":"ListItem","position":2,"name":"Social media"}]},{"@type":"WebSite","@id":"https:\/\/bodenhotel.com\/es\/#website","url":"https:\/\/bodenhotel.com\/es\/","name":"B\u00f6den Hotel & Spa, AKEN Soul","description":"Un destino inigualable frente a las sierras de Villa General Belgrano.","publisher":{"@id":"https:\/\/bodenhotel.com\/es\/#organization"},"alternateName":"B\u00f6den Hotel & Spa, AKEN Soul","potentialAction":[{"@type":"SearchAction","target":{"@type":"EntryPoint","urlTemplate":"https:\/\/bodenhotel.com\/es\/?s={search_term_string}"},"query-input":{"@type":"PropertyValueSpecification","valueRequired":true,"valueName":"search_term_string"}}],"inLanguage":"es"},{"@type":"Organization","@id":"https:\/\/bodenhotel.com\/es\/#organization","name":"B\u00f6den Hotel & SPA, AKEN Soul","alternateName":"B\u00f6den Hotel & SPA, AKEN Soul","url":"https:\/\/bodenhotel.com\/es\/","logo":{"@type":"ImageObject","inLanguage":"es","@id":"https:\/\/bodenhotel.com\/es\/#\/schema\/logo\/image\/","url":"https:\/\/bodenhotel.com\/wp-content\/uploads\/2023\/03\/Logo-Boden.svg","contentUrl":"https:\/\/bodenhotel.com\/wp-content\/uploads\/2023\/03\/Logo-Boden.svg","width":320,"height":162,"caption":"B\u00f6den Hotel & SPA, AKEN Soul"},"image":{"@id":"https:\/\/bodenhotel.com\/es\/#\/schema\/logo\/image\/"},"sameAs":["https:\/\/www.instagram.com\/bodenhotelakensoul\/"]}]}},"_links":{"self":[{"href":"https:\/\/bodenhotel.com\/es\/wp-json\/wp\/v2\/pages\/8365","targetHints":{"allow":["GET"]}}],"collection":[{"href":"https:\/\/bodenhotel.com\/es\/wp-json\/wp\/v2\/pages"}],"about":[{"href":"https:\/\/bodenhotel.com\/es\/wp-json\/wp\/v2\/types\/page"}],"author":[{"embeddable":true,"href":"https:\/\/bodenhotel.com\/es\/wp-json\/wp\/v2\/users\/6"}],"replies":[{"embeddable":true,"href":"https:\/\/bodenhotel.com\/es\/wp-json\/wp\/v2\/comments?post=8365"}],"version-history":[{"count":57,"href":"https:\/\/bodenhotel.com\/es\/wp-json\/wp\/v2\/pages\/8365\/revisions"}],"predecessor-version":[{"id":11914,"href":"https:\/\/bodenhotel.com\/es\/wp-json\/wp\/v2\/pages\/8365\/revisions\/11914"}],"wp:featuredmedia":[{"embeddable":true,"href":"https:\/\/bodenhotel.com\/es\/wp-json\/wp\/v2\/media\/11573"}],"wp:attachment":[{"href":"https:\/\/bodenhotel.com\/es\/wp-json\/wp\/v2\/media?parent=8365"}],"curies":[{"name":"wp","href":"https:\/\/api.w.org\/{rel}","templated":true}]}}